{"id":19560,"date":"2024-05-23T10:55:30","date_gmt":"2024-05-23T10:55:30","guid":{"rendered":"https:\/\/daihen-varstroj.si\/resitve\/robotizacija\/roboti\/robotizacija-roboti-za-tezke-obrmenitve\/"},"modified":"2025-10-10T08:06:43","modified_gmt":"2025-10-10T08:06:43","slug":"robotizacija-roboti-za-tezke-obrmenitve","status":"publish","type":"page","link":"https:\/\/daihen-varstroj.si\/sl\/resitve\/robotizacija\/roboti\/robotizacija-roboti-za-tezke-obrmenitve\/","title":{"rendered":"Robotizacija- ROBOTI ZA TE\u017dKE OBRMENITVE"},"content":{"rendered":"\t\t<div data-elementor-type=\"wp-page\" data-elementor-id=\"19560\" class=\"elementor elementor-19560 elementor-12641\" data-elementor-post-type=\"page\">\n\t\t\t\t\t\t\t\t\t<section class=\"elementor-section elementor-top-section elementor-element elementor-element-0d2461c elementor-section-full_width elementor-section-stretched elementor-section-height-default elementor-section-height-default\" data-id=\"0d2461c\" data-element_type=\"section\" data-settings=\"{&quot;stretch_section&quot;:&quot;section-stretched&quot;,&quot;background_background&quot;:&quot;classic&quot;}\">\n\t\t\t\t\t\t\t<div class=\"elementor-background-overlay\"><\/div>\n\t\t\t\t\t\t\t<div class=\"elementor-container elementor-column-gap-default\">\n\t\t\t\t\t<div class=\"elementor-column elementor-col-100 elementor-top-column elementor-element elementor-element-3cb9b3a\" data-id=\"3cb9b3a\" data-element_type=\"column\">\n\t\t\t<div class=\"elementor-widget-wrap elementor-element-populated\">\n\t\t\t\t\t\t\t\t<div class=\"elementor-element elementor-element-dab919d elementor-widget elementor-widget-text-editor\" data-id=\"dab919d\" data-element_type=\"widget\" data-widget_type=\"text-editor.default\">\n\t\t\t\t<div class=\"elementor-widget-container\">\n\t\t\t\t\t\t\t<p>TE\u017dKE OBREMENITVE<\/p>\t\t\t\t\t\t<\/div>\n\t\t\t\t<\/div>\n\t\t\t\t\t<\/div>\n\t\t<\/div>\n\t\t\t\t\t\t\t<\/div>\n\t\t<\/section>\n\t\t\t\t<section class=\"elementor-section elementor-top-section elementor-element elementor-element-daa6487 elementor-section-boxed elementor-section-height-default elementor-section-height-default\" data-id=\"daa6487\" data-element_type=\"section\">\n\t\t\t\t\t\t<div class=\"elementor-container elementor-column-gap-default\">\n\t\t\t\t\t<div class=\"elementor-column elementor-col-100 elementor-top-column elementor-element elementor-element-6b2505e\" data-id=\"6b2505e\" data-element_type=\"column\">\n\t\t\t<div class=\"elementor-widget-wrap elementor-element-populated\">\n\t\t\t\t\t\t\t\t<div class=\"elementor-element elementor-element-24e26f2 split-breadcrumbs-y elementor-widget elementor-widget-the7-breadcrumb\" data-id=\"24e26f2\" data-element_type=\"widget\" data-widget_type=\"the7-breadcrumb.default\">\n\t\t\t\t<div class=\"elementor-widget-container\">\n\t\t\t<div class=\"assistive-text\">You are here:<\/div><ol class=\"breadcrumbs text-small rcrumbs\" itemscope itemtype=\"https:\/\/schema.org\/BreadcrumbList\"><li itemprop=\"itemListElement\" itemscope itemtype=\"https:\/\/schema.org\/ListItem\"><a itemprop=\"item\" href=\"https:\/\/daihen-varstroj.si\/sl\/\" title=\"Home\"><span itemprop=\"name\">Home<\/span><\/a><meta itemprop=\"position\" content=\"1\" \/><\/li><li class=\"current\" itemprop=\"itemListElement\" itemscope itemtype=\"https:\/\/schema.org\/ListItem\"><span itemprop=\"name\">Stran<\/span><meta itemprop=\"position\" content=\"2\" \/><\/li><\/ol>\t\t<\/div>\n\t\t\t\t<\/div>\n\t\t\t\t\t<\/div>\n\t\t<\/div>\n\t\t\t\t\t\t\t<\/div>\n\t\t<\/section>\n\t\t\t\t<section class=\"elementor-section elementor-top-section elementor-element elementor-element-ea8e089 elementor-section-full_width elementor-section-height-default elementor-section-height-default\" data-id=\"ea8e089\" data-element_type=\"section\">\n\t\t\t\t\t\t<div class=\"elementor-container elementor-column-gap-default\">\n\t\t\t\t\t<div class=\"elementor-column elementor-col-100 elementor-top-column elementor-element elementor-element-8dfa0e5\" data-id=\"8dfa0e5\" data-element_type=\"column\">\n\t\t\t<div class=\"elementor-widget-wrap elementor-element-populated\">\n\t\t\t\t\t\t\t\t<div class=\"elementor-element elementor-element-49b3905 elementor-widget elementor-widget-heading\" data-id=\"49b3905\" data-element_type=\"widget\" data-widget_type=\"heading.default\">\n\t\t\t\t<div class=\"elementor-widget-container\">\n\t\t\t<h1 class=\"elementor-heading-title elementor-size-default\">Zmogljivi roboti za te\u017eke obremenite za najzahtevnej\u0161e industrijske naloge <\/h1>\t\t<\/div>\n\t\t\t\t<\/div>\n\t\t\t\t\t<\/div>\n\t\t<\/div>\n\t\t\t\t\t\t\t<\/div>\n\t\t<\/section>\n\t\t\t\t<section class=\"elementor-section elementor-top-section elementor-element elementor-element-f68012c elementor-section-full_width elementor-section-height-default elementor-section-height-default\" data-id=\"f68012c\" data-element_type=\"section\">\n\t\t\t\t\t\t<div class=\"elementor-container elementor-column-gap-default\">\n\t\t\t\t\t<div class=\"elementor-column elementor-col-100 elementor-top-column elementor-element elementor-element-fa73c16\" data-id=\"fa73c16\" data-element_type=\"column\">\n\t\t\t<div class=\"elementor-widget-wrap elementor-element-populated\">\n\t\t\t\t\t\t\t\t<div class=\"elementor-element elementor-element-695616c elementor-widget elementor-widget-text-editor\" data-id=\"695616c\" data-element_type=\"widget\" data-widget_type=\"text-editor.default\">\n\t\t\t\t<div class=\"elementor-widget-container\">\n\t\t\t\t\t\t\t<p>Z dodatnim navorom na zapestju in hitrim gibanjem na\u0161i roboti za te\u017eke obremenitve brez te\u017eav obvladujejo velike in masivne obdelovance. Pona\u0161ajo se z vrhunsko zmogljivostjo v svojem razredu ter so na voljo v \u0161iroki paleti modelov. Pravilna izbira tipa robota glede na va\u0161o aplikacijo zagotavlja najve\u010djo u\u010dinkovitost in prilagodljivost v najzahtevnej\u0161ih proizvodnih okoljih.  <\/p>\t\t\t\t\t\t<\/div>\n\t\t\t\t<\/div>\n\t\t\t\t\t<\/div>\n\t\t<\/div>\n\t\t\t\t\t\t\t<\/div>\n\t\t<\/section>\n\t\t\t\t<section class=\"elementor-section elementor-top-section elementor-element elementor-element-3962125 elementor-section-full_width elementor-section-height-default elementor-section-height-default\" data-id=\"3962125\" data-element_type=\"section\">\n\t\t\t\t\t\t<div class=\"elementor-container elementor-column-gap-default\">\n\t\t\t\t\t<div class=\"elementor-column elementor-col-100 elementor-top-column elementor-element elementor-element-1326141\" data-id=\"1326141\" data-element_type=\"column\">\n\t\t\t<div class=\"elementor-widget-wrap elementor-element-populated\">\n\t\t\t\t\t\t\t\t<div class=\"elementor-element elementor-element-1ab4bdb elementor-widget elementor-widget-heading\" data-id=\"1ab4bdb\" data-element_type=\"widget\" data-widget_type=\"heading.default\">\n\t\t\t\t<div class=\"elementor-widget-container\">\n\t\t\t<h2 class=\"elementor-heading-title elementor-size-default\">Zmogljivost in zanesljivost<\/h2>\t\t<\/div>\n\t\t\t\t<\/div>\n\t\t\t\t\t<\/div>\n\t\t<\/div>\n\t\t\t\t\t\t\t<\/div>\n\t\t<\/section>\n\t\t\t\t<section class=\"elementor-section elementor-top-section elementor-element elementor-element-3621e1a elementor-section-full_width elementor-section-height-default elementor-section-height-default\" data-id=\"3621e1a\" data-element_type=\"section\">\n\t\t\t\t\t\t<div class=\"elementor-container elementor-column-gap-default\">\n\t\t\t\t\t<div class=\"elementor-column elementor-col-100 elementor-top-column elementor-element elementor-element-df392ec\" data-id=\"df392ec\" data-element_type=\"column\">\n\t\t\t<div class=\"elementor-widget-wrap elementor-element-populated\">\n\t\t\t\t\t\t\t\t<div class=\"elementor-element elementor-element-cbc5bc4 elementor-widget elementor-widget-text-editor\" data-id=\"cbc5bc4\" data-element_type=\"widget\" data-widget_type=\"text-editor.default\">\n\t\t\t\t<div class=\"elementor-widget-container\">\n\t\t\t\t\t\t\t<p>Zahvaljujo\u010d visokemu navoru na zapestju robot z lahkoto premika ve\u010dje obdelovance. Idealna izbira za te\u017eke industrijske aplikacije, kjer sta klju\u010dni mo\u010d in stabilnost. <\/p>\t\t\t\t\t\t<\/div>\n\t\t\t\t<\/div>\n\t\t\t\t\t<\/div>\n\t\t<\/div>\n\t\t\t\t\t\t\t<\/div>\n\t\t<\/section>\n\t\t\t\t<section class=\"elementor-section elementor-top-section elementor-element elementor-element-e8c2205 elementor-section-full_width elementor-section-height-default elementor-section-height-default\" data-id=\"e8c2205\" data-element_type=\"section\">\n\t\t\t\t\t\t<div class=\"elementor-container elementor-column-gap-default\">\n\t\t\t\t\t<div class=\"elementor-column elementor-col-100 elementor-top-column elementor-element elementor-element-b083d30\" data-id=\"b083d30\" data-element_type=\"column\">\n\t\t\t<div class=\"elementor-widget-wrap elementor-element-populated\">\n\t\t\t\t\t\t\t\t<div class=\"elementor-element elementor-element-176be49 elementor-widget elementor-widget-heading\" data-id=\"176be49\" data-element_type=\"widget\" data-widget_type=\"heading.default\">\n\t\t\t\t<div class=\"elementor-widget-container\">\n\t\t\t<h2 class=\"elementor-heading-title elementor-size-default\">Visoka hitrost gibanja<\/h2>\t\t<\/div>\n\t\t\t\t<\/div>\n\t\t\t\t\t<\/div>\n\t\t<\/div>\n\t\t\t\t\t\t\t<\/div>\n\t\t<\/section>\n\t\t\t\t<section class=\"elementor-section elementor-top-section elementor-element elementor-element-148affe elementor-section-full_width elementor-section-height-default elementor-section-height-default\" data-id=\"148affe\" data-element_type=\"section\">\n\t\t\t\t\t\t<div class=\"elementor-container elementor-column-gap-default\">\n\t\t\t\t\t<div class=\"elementor-column elementor-col-100 elementor-top-column elementor-element elementor-element-cc3e906\" data-id=\"cc3e906\" data-element_type=\"column\">\n\t\t\t<div class=\"elementor-widget-wrap elementor-element-populated\">\n\t\t\t\t\t\t\t\t<div class=\"elementor-element elementor-element-e792367 elementor-widget elementor-widget-text-editor\" data-id=\"e792367\" data-element_type=\"widget\" data-widget_type=\"text-editor.default\">\n\t\t\t\t<div class=\"elementor-widget-container\">\n\t\t\t\t\t\t\t<p>Kljub svoji velikosti in zmogljivosti roboti dosegajo izjemno hitrost gibanja, kar zagotavlja kratke cikle in ve\u010djo produktivnost.<\/p>\t\t\t\t\t\t<\/div>\n\t\t\t\t<\/div>\n\t\t\t\t\t<\/div>\n\t\t<\/div>\n\t\t\t\t\t\t\t<\/div>\n\t\t<\/section>\n\t\t\t\t<section class=\"elementor-section elementor-top-section elementor-element elementor-element-bb36800 elementor-section-full_width elementor-section-height-default elementor-section-height-default\" data-id=\"bb36800\" data-element_type=\"section\">\n\t\t\t\t\t\t<div class=\"elementor-container elementor-column-gap-default\">\n\t\t\t\t\t<div class=\"elementor-column elementor-col-100 elementor-top-column elementor-element elementor-element-349c8ba\" data-id=\"349c8ba\" data-element_type=\"column\">\n\t\t\t<div class=\"elementor-widget-wrap elementor-element-populated\">\n\t\t\t\t\t\t\t\t<div class=\"elementor-element elementor-element-11b8913 elementor-widget elementor-widget-heading\" data-id=\"11b8913\" data-element_type=\"widget\" data-widget_type=\"heading.default\">\n\t\t\t\t<div class=\"elementor-widget-container\">\n\t\t\t<h2 class=\"elementor-heading-title elementor-size-default\">Vrhunska zmogljivost<\/h2>\t\t<\/div>\n\t\t\t\t<\/div>\n\t\t\t\t\t<\/div>\n\t\t<\/div>\n\t\t\t\t\t\t\t<\/div>\n\t\t<\/section>\n\t\t\t\t<section class=\"elementor-section elementor-top-section elementor-element elementor-element-c34a0d6 elementor-section-full_width elementor-section-height-default elementor-section-height-default\" data-id=\"c34a0d6\" data-element_type=\"section\">\n\t\t\t\t\t\t<div class=\"elementor-container elementor-column-gap-default\">\n\t\t\t\t\t<div class=\"elementor-column elementor-col-100 elementor-top-column elementor-element elementor-element-d75ae1c\" data-id=\"d75ae1c\" data-element_type=\"column\">\n\t\t\t<div class=\"elementor-widget-wrap elementor-element-populated\">\n\t\t\t\t\t\t\t\t<div class=\"elementor-element elementor-element-3225404 elementor-widget elementor-widget-text-editor\" data-id=\"3225404\" data-element_type=\"widget\" data-widget_type=\"text-editor.default\">\n\t\t\t\t<div class=\"elementor-widget-container\">\n\t\t\t\t\t\t\t<p>Roboti OTC DAIHEN z visoko nosilnostjo ponujajo najvi\u0161jo raven zmogljivosti in zanesljivosti v svojem razredu ter postavljajo nove standarde u\u010dinkovitosti.<\/p>\t\t\t\t\t\t<\/div>\n\t\t\t\t<\/div>\n\t\t\t\t\t<\/div>\n\t\t<\/div>\n\t\t\t\t\t\t\t<\/div>\n\t\t<\/section>\n\t\t\t\t<section class=\"elementor-section elementor-top-section elementor-element elementor-element-e8c52b6 elementor-section-full_width elementor-section-height-default elementor-section-height-default\" data-id=\"e8c52b6\" data-element_type=\"section\">\n\t\t\t\t\t\t<div class=\"elementor-container elementor-column-gap-default\">\n\t\t\t\t\t<div class=\"elementor-column elementor-col-100 elementor-top-column elementor-element elementor-element-8ca99a5\" data-id=\"8ca99a5\" data-element_type=\"column\">\n\t\t\t<div class=\"elementor-widget-wrap elementor-element-populated\">\n\t\t\t\t\t\t\t\t<div class=\"elementor-element elementor-element-42134c4 elementor-widget elementor-widget-heading\" data-id=\"42134c4\" data-element_type=\"widget\" data-widget_type=\"heading.default\">\n\t\t\t\t<div class=\"elementor-widget-container\">\n\t\t\t<h2 class=\"elementor-heading-title elementor-size-default\">\u0160iroka izbira modelov<\/h2>\t\t<\/div>\n\t\t\t\t<\/div>\n\t\t\t\t\t<\/div>\n\t\t<\/div>\n\t\t\t\t\t\t\t<\/div>\n\t\t<\/section>\n\t\t\t\t<section class=\"elementor-section elementor-top-section elementor-element elementor-element-1bb4ff5 elementor-section-full_width elementor-section-height-default elementor-section-height-default\" data-id=\"1bb4ff5\" data-element_type=\"section\">\n\t\t\t\t\t\t<div class=\"elementor-container elementor-column-gap-default\">\n\t\t\t\t\t<div class=\"elementor-column elementor-col-100 elementor-top-column elementor-element elementor-element-c4d6f05\" data-id=\"c4d6f05\" data-element_type=\"column\">\n\t\t\t<div class=\"elementor-widget-wrap elementor-element-populated\">\n\t\t\t\t\t\t\t\t<div class=\"elementor-element elementor-element-547a0d1 elementor-widget elementor-widget-text-editor\" data-id=\"547a0d1\" data-element_type=\"widget\" data-widget_type=\"text-editor.default\">\n\t\t\t\t<div class=\"elementor-widget-container\">\n\t\t\t\t\t\t\t<p>Z obse\u017eno ponudbo razli\u010dnih tipov robotov lahko izberete model, ki najbolje ustreza zahtevam va\u0161e aplikacije.<\/p>\t\t\t\t\t\t<\/div>\n\t\t\t\t<\/div>\n\t\t\t\t\t<\/div>\n\t\t<\/div>\n\t\t\t\t\t\t\t<\/div>\n\t\t<\/section>\n\t\t\t\t<section class=\"elementor-section elementor-top-section elementor-element elementor-element-b8a19f0 elementor-section-boxed elementor-section-height-default elementor-section-height-default\" data-id=\"b8a19f0\" data-element_type=\"section\">\n\t\t\t\t\t\t<div class=\"elementor-container elementor-column-gap-default\">\n\t\t\t\t\t<div class=\"elementor-column elementor-col-100 elementor-top-column elementor-element elementor-element-f4894ae\" data-id=\"f4894ae\" data-element_type=\"column\">\n\t\t\t<div class=\"elementor-widget-wrap elementor-element-populated\">\n\t\t\t\t\t\t\t\t<div class=\"elementor-element elementor-element-22cb2a4 elementor-widget__width-initial elementor-widget elementor-widget-image\" data-id=\"22cb2a4\" data-element_type=\"widget\" data-widget_type=\"image.default\">\n\t\t\t\t<div class=\"elementor-widget-container\">\n\t\t\t\t\t\t\t\t\t\t\t\t\t\t\t<img loading=\"lazy\" decoding=\"async\" width=\"1024\" height=\"255\" src=\"data:image\/svg+xml;charset=utf-8,%3Csvg xmlns%3D'http%3A%2F%2Fwww.w3.org%2F2000%2Fsvg' viewBox%3D'0 0 1024 255'%2F%3E\" data-src=\"https:\/\/daihen-varstroj.si\/wp-content\/uploads\/2024\/05\/FD-V400L-1024x255.png\" class=\"lazy-load attachment-large size-large wp-image-18957\" alt=\"\" data-srcset=\"https:\/\/daihen-varstroj.si\/wp-content\/uploads\/2024\/05\/FD-V400L-1024x255.png 1024w, https:\/\/daihen-varstroj.si\/wp-content\/uploads\/2024\/05\/FD-V400L-300x75.png 300w, https:\/\/daihen-varstroj.si\/wp-content\/uploads\/2024\/05\/FD-V400L-768x192.png 768w, https:\/\/daihen-varstroj.si\/wp-content\/uploads\/2024\/05\/FD-V400L-1536x383.png 1536w, https:\/\/daihen-varstroj.si\/wp-content\/uploads\/2024\/05\/FD-V400L-2048x511.png 2048w\" sizes=\"auto, (max-width: 1024px) 100vw, 1024px\" \/>\t\t\t\t\t\t\t\t\t\t\t\t\t\t\t<\/div>\n\t\t\t\t<\/div>\n\t\t\t\t\t<\/div>\n\t\t<\/div>\n\t\t\t\t\t\t\t<\/div>\n\t\t<\/section>\n\t\t\t\t<section class=\"elementor-section elementor-top-section elementor-element elementor-element-b3c8fa5 elementor-section-boxed elementor-section-height-default elementor-section-height-default\" data-id=\"b3c8fa5\" data-element_type=\"section\">\n\t\t\t\t\t\t<div class=\"elementor-container elementor-column-gap-default\">\n\t\t\t\t\t<div class=\"elementor-column elementor-col-100 elementor-top-column elementor-element elementor-element-3613b89\" data-id=\"3613b89\" data-element_type=\"column\">\n\t\t\t<div class=\"elementor-widget-wrap elementor-element-populated\">\n\t\t\t\t\t\t\t\t<div class=\"elementor-element elementor-element-dfbdc17 elementor-widget elementor-widget-text-editor\" data-id=\"dfbdc17\" data-element_type=\"widget\" data-widget_type=\"text-editor.default\">\n\t\t\t\t<div class=\"elementor-widget-container\">\n\t\t\t\t\t\t\t\t\t\t\t\t\t<\/div>\n\t\t\t\t<\/div>\n\t\t\t\t\t<\/div>\n\t\t<\/div>\n\t\t\t\t\t\t\t<\/div>\n\t\t<\/section>\n\t\t\t\t<section class=\"elementor-section elementor-top-section elementor-element elementor-element-302dfbd elementor-section-boxed elementor-section-height-default elementor-section-height-default\" data-id=\"302dfbd\" data-element_type=\"section\">\n\t\t\t\t\t\t<div class=\"elementor-container elementor-column-gap-default\">\n\t\t\t\t\t<div class=\"elementor-column elementor-col-33 elementor-top-column elementor-element elementor-element-d7ee4df\" data-id=\"d7ee4df\" data-element_type=\"column\">\n\t\t\t<div class=\"elementor-widget-wrap elementor-element-populated\">\n\t\t\t\t\t\t\t\t<div class=\"elementor-element elementor-element-50b4248 elementor-widget__width-inherit elementor-align-left elementor-widget-tablet__width-inherit elementor-widget elementor-widget-the7_button_widget\" data-id=\"50b4248\" data-element_type=\"widget\" data-widget_type=\"the7_button_widget.default\">\n\t\t\t\t<div class=\"elementor-widget-container\">\n\t\t\t<div class=\"elementor-button-wrapper\"><a href=\"https:\/\/daihen-varstroj.si\/contact\/\" class=\"box-button elementor-button elementor-size-xl\">Zahtevajte ponudbo<i aria-hidden=\"true\" class=\"elementor-button-icon fas fa-question\"><\/i><\/a><\/div>\t\t<\/div>\n\t\t\t\t<\/div>\n\t\t\t\t\t<\/div>\n\t\t<\/div>\n\t\t\t\t<div class=\"elementor-column elementor-col-33 elementor-top-column elementor-element elementor-element-8af5742\" data-id=\"8af5742\" data-element_type=\"column\">\n\t\t\t<div class=\"elementor-widget-wrap elementor-element-populated\">\n\t\t\t\t\t\t\t\t<div class=\"elementor-element elementor-element-c46ee54 elementor-widget__width-inherit elementor-align-left elementor-widget-tablet__width-inherit elementor-widget elementor-widget-the7_button_widget\" data-id=\"c46ee54\" data-element_type=\"widget\" data-widget_type=\"the7_button_widget.default\">\n\t\t\t\t<div class=\"elementor-widget-container\">\n\t\t\t<div class=\"elementor-button-wrapper\"><a href=\"https:\/\/daihen-varstroj.si\/wp-content\/uploads\/2024\/05\/Heavy-payload-spec.-working-range.pdf\" target=\"_blank\" class=\"box-button elementor-button elementor-size-xl\">PDF <i aria-hidden=\"true\" class=\"elementor-button-icon fas fa-download\"><\/i><\/a><\/div>\t\t<\/div>\n\t\t\t\t<\/div>\n\t\t\t\t\t<\/div>\n\t\t<\/div>\n\t\t\t\t<div class=\"elementor-column elementor-col-33 elementor-top-column elementor-element elementor-element-b90c6b7\" data-id=\"b90c6b7\" data-element_type=\"column\">\n\t\t\t<div class=\"elementor-widget-wrap\">\n\t\t\t\t\t\t\t\t\t<\/div>\n\t\t<\/div>\n\t\t\t\t\t\t\t<\/div>\n\t\t<\/section>\n\t\t\t\t<section class=\"elementor-section elementor-top-section elementor-element elementor-element-e0f79bb elementor-section-full_width elementor-section-stretched ef-area elementor-section-height-default elementor-section-height-default\" data-id=\"e0f79bb\" data-element_type=\"section\" data-settings=\"{&quot;stretch_section&quot;:&quot;section-stretched&quot;}\">\n\t\t\t\t\t\t<div class=\"elementor-container elementor-column-gap-default\">\n\t\t\t\t\t<div class=\"elementor-column elementor-col-100 elementor-top-column elementor-element elementor-element-f785c6d efc-manipulators\" data-id=\"f785c6d\" data-element_type=\"column\">\n\t\t\t<div class=\"elementor-widget-wrap\">\n\t\t\t\t\t\t\t\t\t<\/div>\n\t\t<\/div>\n\t\t\t\t\t\t\t<\/div>\n\t\t<\/section>\n\t\t\t\t<section class=\"elementor-section elementor-top-section elementor-element elementor-element-683a265 elementor-section-full_width elementor-section-stretched elementor-section-height-default elementor-section-height-default\" data-id=\"683a265\" data-element_type=\"section\" data-settings=\"{&quot;stretch_section&quot;:&quot;section-stretched&quot;}\">\n\t\t\t\t\t\t<div class=\"elementor-container elementor-column-gap-default\">\n\t\t\t\t\t<div class=\"elementor-column elementor-col-100 elementor-top-column elementor-element elementor-element-7b1daea\" data-id=\"7b1daea\" data-element_type=\"column\">\n\t\t\t<div class=\"elementor-widget-wrap elementor-element-populated\">\n\t\t\t\t\t\t\t\t<div class=\"elementor-element elementor-element-3f451de elementor-widget elementor-widget-shortcode\" data-id=\"3f451de\" data-element_type=\"widget\" data-widget_type=\"shortcode.default\">\n\t\t\t\t<div class=\"elementor-widget-container\">\n\t\t\t\t\t<div class=\"elementor-shortcode\"><\/div>\n\t\t\t\t<\/div>\n\t\t\t\t<\/div>\n\t\t\t\t\t<\/div>\n\t\t<\/div>\n\t\t\t\t\t\t\t<\/div>\n\t\t<\/section>\n\t\t\t\t<section class=\"elementor-section elementor-top-section elementor-element elementor-element-04ec552 elementor-section-full_width elementor-section-stretched elementor-section-height-default elementor-section-height-default\" data-id=\"04ec552\" data-element_type=\"section\" data-settings=\"{&quot;stretch_section&quot;:&quot;section-stretched&quot;,&quot;background_background&quot;:&quot;classic&quot;}\">\n\t\t\t\t\t\t<div class=\"elementor-container elementor-column-gap-default\">\n\t\t\t\t\t<div class=\"elementor-column elementor-col-100 elementor-top-column elementor-element elementor-element-b91f709\" data-id=\"b91f709\" data-element_type=\"column\">\n\t\t\t<div class=\"elementor-widget-wrap elementor-element-populated\">\n\t\t\t\t\t\t\t\t<div class=\"elementor-element elementor-element-23a7b73 elementor-widget elementor-widget-heading\" data-id=\"23a7b73\" data-element_type=\"widget\" data-widget_type=\"heading.default\">\n\t\t\t\t<div class=\"elementor-widget-container\">\n\t\t\t<h5 class=\"elementor-heading-title elementor-size-default\">Odklenite svojo pot do uspeha v svetu varjenja.<\/h5>\t\t<\/div>\n\t\t\t\t<\/div>\n\t\t\t\t<div class=\"elementor-element elementor-element-a4fb947 elementor-align-center elementor-widget elementor-widget-the7_button_widget\" data-id=\"a4fb947\" data-element_type=\"widget\" data-widget_type=\"the7_button_widget.default\">\n\t\t\t\t<div class=\"elementor-widget-container\">\n\t\t\t<div class=\"elementor-button-wrapper\"><a href=\"https:\/\/daihen-varstroj.si\/sl\/gradiva\/\" class=\"box-button elementor-button elementor-size-xl\">Sredi\u0161\u010de za vire<\/a><\/div>\t\t<\/div>\n\t\t\t\t<\/div>\n\t\t\t\t\t<\/div>\n\t\t<\/div>\n\t\t\t\t\t\t\t<\/div>\n\t\t<\/section>\n\t\t\t\t<section class=\"elementor-section elementor-top-section elementor-element elementor-element-4734294 elementor-section-boxed elementor-section-height-default elementor-section-height-default\" data-id=\"4734294\" data-element_type=\"section\">\n\t\t\t\t\t\t<div class=\"elementor-container elementor-column-gap-default\">\n\t\t\t\t\t<div class=\"elementor-column elementor-col-100 elementor-top-column elementor-element elementor-element-9faa6da\" data-id=\"9faa6da\" data-element_type=\"column\">\n\t\t\t<div class=\"elementor-widget-wrap\">\n\t\t\t\t\t\t\t\t\t<\/div>\n\t\t<\/div>\n\t\t\t\t\t\t\t<\/div>\n\t\t<\/section>\n\t\t\t\t\t\t\t<\/div>\n\t\t","protected":false},"excerpt":{"rendered":"<p>TE\u017dKE OBREMENITVE You are here: Home Zmogljivi roboti za te\u017eke obremenite za najzahtevnej\u0161e industrijske naloge Z dodatnim navorom na zapestju in hitrim gibanjem na\u0161i roboti za te\u017eke obremenitve brez te\u017eav obvladujejo velike in masivne obdelovance. Pona\u0161ajo se z vrhunsko zmogljivostjo v svojem razredu ter so na voljo v \u0161iroki paleti modelov. Pravilna izbira tipa robota&hellip;<\/p>\n","protected":false},"author":2,"featured_media":0,"parent":19543,"menu_order":0,"comment_status":"closed","ping_status":"closed","template":"","meta":{"footnotes":""},"class_list":["post-19560","page","type-page","status-publish","hentry"],"_links":{"self":[{"href":"https:\/\/daihen-varstroj.si\/sl\/wp-json\/wp\/v2\/pages\/19560","targetHints":{"allow":["GET"]}}],"collection":[{"href":"https:\/\/daihen-varstroj.si\/sl\/wp-json\/wp\/v2\/pages"}],"about":[{"href":"https:\/\/daihen-varstroj.si\/sl\/wp-json\/wp\/v2\/types\/page"}],"author":[{"embeddable":true,"href":"https:\/\/daihen-varstroj.si\/sl\/wp-json\/wp\/v2\/users\/2"}],"replies":[{"embeddable":true,"href":"https:\/\/daihen-varstroj.si\/sl\/wp-json\/wp\/v2\/comments?post=19560"}],"version-history":[{"count":1,"href":"https:\/\/daihen-varstroj.si\/sl\/wp-json\/wp\/v2\/pages\/19560\/revisions"}],"predecessor-version":[{"id":19561,"href":"https:\/\/daihen-varstroj.si\/sl\/wp-json\/wp\/v2\/pages\/19560\/revisions\/19561"}],"up":[{"embeddable":true,"href":"https:\/\/daihen-varstroj.si\/sl\/wp-json\/wp\/v2\/pages\/19543"}],"wp:attachment":[{"href":"https:\/\/daihen-varstroj.si\/sl\/wp-json\/wp\/v2\/media?parent=19560"}],"curies":[{"name":"wp","href":"https:\/\/api.w.org\/{rel}","templated":true}]}}