{"id":19529,"date":"2025-10-06T08:34:34","date_gmt":"2025-10-06T08:34:34","guid":{"rendered":"https:\/\/daihen-varstroj.si\/resitve\/robotizacija\/low-spatter\/"},"modified":"2025-10-09T13:07:58","modified_gmt":"2025-10-09T13:07:58","slug":"low-spatter","status":"publish","type":"page","link":"https:\/\/daihen-varstroj.si\/sl\/resitve\/robotizacija\/low-spatter\/","title":{"rendered":"Low spatter"},"content":{"rendered":"\t\t<div data-elementor-type=\"wp-page\" data-elementor-id=\"19529\" class=\"elementor elementor-19529 elementor-19336\" data-elementor-post-type=\"page\">\n\t\t\t\t\t\t\t\t\t<section class=\"elementor-section elementor-top-section elementor-element elementor-element-ae210a8 elementor-section-full_width elementor-section-stretched elementor-section-height-default elementor-section-height-default\" data-id=\"ae210a8\" data-element_type=\"section\" data-settings=\"{&quot;stretch_section&quot;:&quot;section-stretched&quot;,&quot;background_background&quot;:&quot;classic&quot;}\">\n\t\t\t\t\t\t\t<div class=\"elementor-background-overlay\"><\/div>\n\t\t\t\t\t\t\t<div class=\"elementor-container elementor-column-gap-default\">\n\t\t\t\t\t<div class=\"elementor-column elementor-col-100 elementor-top-column elementor-element elementor-element-db4250c\" data-id=\"db4250c\" data-element_type=\"column\">\n\t\t\t<div class=\"elementor-widget-wrap elementor-element-populated\">\n\t\t\t\t\t\t\t\t<div class=\"elementor-element elementor-element-50d7cc4 elementor-widget elementor-widget-heading\" data-id=\"50d7cc4\" data-element_type=\"widget\" data-widget_type=\"heading.default\">\n\t\t\t\t<div class=\"elementor-widget-container\">\n\t\t\t<h2 class=\"elementor-heading-title elementor-size-default\">MIG MAG LOW SPATTER<\/h2>\t\t<\/div>\n\t\t\t\t<\/div>\n\t\t\t\t\t<\/div>\n\t\t<\/div>\n\t\t\t\t\t\t\t<\/div>\n\t\t<\/section>\n\t\t\t\t<section class=\"elementor-section elementor-top-section elementor-element elementor-element-2511468 elementor-section-boxed elementor-section-height-default elementor-section-height-default\" data-id=\"2511468\" data-element_type=\"section\">\n\t\t\t\t\t\t<div class=\"elementor-container elementor-column-gap-default\">\n\t\t\t\t\t<div class=\"elementor-column elementor-col-100 elementor-top-column elementor-element elementor-element-2d6e5dc\" data-id=\"2d6e5dc\" data-element_type=\"column\">\n\t\t\t<div class=\"elementor-widget-wrap elementor-element-populated\">\n\t\t\t\t\t\t\t\t<div class=\"elementor-element elementor-element-edc1ad1 elementor-widget elementor-widget-text-editor\" data-id=\"edc1ad1\" data-element_type=\"widget\" data-widget_type=\"text-editor.default\">\n\t\t\t\t<div class=\"elementor-widget-container\">\n\t\t\t\t\t\t\t\t\t\t\t\t\t<\/div>\n\t\t\t\t<\/div>\n\t\t\t\t<div class=\"elementor-element elementor-element-a20978c split-breadcrumbs-y elementor-widget elementor-widget-the7-breadcrumb\" data-id=\"a20978c\" data-element_type=\"widget\" data-widget_type=\"the7-breadcrumb.default\">\n\t\t\t\t<div class=\"elementor-widget-container\">\n\t\t\t<div class=\"assistive-text\">You are here:<\/div><ol class=\"breadcrumbs text-small rcrumbs\" itemscope itemtype=\"https:\/\/schema.org\/BreadcrumbList\"><li itemprop=\"itemListElement\" itemscope itemtype=\"https:\/\/schema.org\/ListItem\"><a itemprop=\"item\" href=\"https:\/\/daihen-varstroj.si\/sl\/\" title=\"Home\"><span itemprop=\"name\">Home<\/span><\/a><meta itemprop=\"position\" content=\"1\" \/><\/li><li class=\"current\" itemprop=\"itemListElement\" itemscope itemtype=\"https:\/\/schema.org\/ListItem\"><span itemprop=\"name\">Stran<\/span><meta itemprop=\"position\" content=\"2\" \/><\/li><\/ol>\t\t<\/div>\n\t\t\t\t<\/div>\n\t\t\t\t\t<\/div>\n\t\t<\/div>\n\t\t\t\t\t\t\t<\/div>\n\t\t<\/section>\n\t\t\t\t<section class=\"elementor-section elementor-top-section elementor-element elementor-element-e388a26 elementor-section-boxed elementor-section-height-default elementor-section-height-default\" data-id=\"e388a26\" data-element_type=\"section\">\n\t\t\t\t\t\t<div class=\"elementor-container elementor-column-gap-default\">\n\t\t\t\t\t<div class=\"elementor-column elementor-col-100 elementor-top-column elementor-element elementor-element-14b1809\" data-id=\"14b1809\" data-element_type=\"column\">\n\t\t\t<div class=\"elementor-widget-wrap elementor-element-populated\">\n\t\t\t\t\t\t\t\t<div class=\"elementor-element elementor-element-a14ca4a elementor-widget elementor-widget-heading\" data-id=\"a14ca4a\" data-element_type=\"widget\" data-widget_type=\"heading.default\">\n\t\t\t\t<div class=\"elementor-widget-container\">\n\t\t\t<h1 class=\"elementor-heading-title elementor-size-default\">LOW SPATTER<\/h1>\t\t<\/div>\n\t\t\t\t<\/div>\n\t\t\t\t\t<\/div>\n\t\t<\/div>\n\t\t\t\t\t\t\t<\/div>\n\t\t<\/section>\n\t\t\t\t<section class=\"elementor-section elementor-top-section elementor-element elementor-element-cde0a85 elementor-section-boxed elementor-section-height-default elementor-section-height-default\" data-id=\"cde0a85\" data-element_type=\"section\">\n\t\t\t\t\t\t<div class=\"elementor-container elementor-column-gap-default\">\n\t\t\t\t\t<div class=\"elementor-column elementor-col-100 elementor-top-column elementor-element elementor-element-8d21896\" data-id=\"8d21896\" data-element_type=\"column\">\n\t\t\t<div class=\"elementor-widget-wrap elementor-element-populated\">\n\t\t\t\t\t\t\t\t<div class=\"elementor-element elementor-element-d43784e elementor-widget elementor-widget-heading\" data-id=\"d43784e\" data-element_type=\"widget\" data-widget_type=\"heading.default\">\n\t\t\t\t<div class=\"elementor-widget-container\">\n\t\t\t<h2 class=\"elementor-heading-title elementor-size-default\">Minimalno brizganje <\/h2>\t\t<\/div>\n\t\t\t\t<\/div>\n\t\t\t\t\t<\/div>\n\t\t<\/div>\n\t\t\t\t\t\t\t<\/div>\n\t\t<\/section>\n\t\t\t\t<section class=\"elementor-section elementor-top-section elementor-element elementor-element-5af8aaa elementor-section-boxed elementor-section-height-default elementor-section-height-default\" data-id=\"5af8aaa\" data-element_type=\"section\">\n\t\t\t\t\t\t<div class=\"elementor-container elementor-column-gap-default\">\n\t\t\t\t\t<div class=\"elementor-column elementor-col-100 elementor-top-column elementor-element elementor-element-d3f41fb\" data-id=\"d3f41fb\" data-element_type=\"column\">\n\t\t\t<div class=\"elementor-widget-wrap elementor-element-populated\">\n\t\t\t\t\t\t\t\t<div class=\"elementor-element elementor-element-d89a19e elementor-widget elementor-widget-text-editor\" data-id=\"d89a19e\" data-element_type=\"widget\" data-widget_type=\"text-editor.default\">\n\t\t\t\t<div class=\"elementor-widget-container\">\n\t\t\t\t\t\t\t<p>Varilni izvori OTC DAIHEN omogo\u010dajo uporabo posebne funkcije za zmanj\u0161anje brizganja, kar pomeni manj \u010dasa in truda pri \u010di\u0161\u010denju zvara.<\/p><p>Nadzor varilnega toka (CBT &#8211; \u02ddControlled Bridge Transfer\u02dd) zagotavlja maksimalno zmanj\u0161anje brizganja v uporabnem obmo\u010dju toka.<\/p>\t\t\t\t\t\t<\/div>\n\t\t\t\t<\/div>\n\t\t\t\t\t<\/div>\n\t\t<\/div>\n\t\t\t\t\t\t\t<\/div>\n\t\t<\/section>\n\t\t\t\t<section class=\"elementor-section elementor-top-section elementor-element elementor-element-4548a75 elementor-section-boxed elementor-section-height-default elementor-section-height-default\" data-id=\"4548a75\" data-element_type=\"section\">\n\t\t\t\t\t\t<div class=\"elementor-container elementor-column-gap-default\">\n\t\t\t\t\t<div class=\"elementor-column elementor-col-100 elementor-top-column elementor-element elementor-element-63ea636\" data-id=\"63ea636\" data-element_type=\"column\">\n\t\t\t<div class=\"elementor-widget-wrap elementor-element-populated\">\n\t\t\t\t\t\t\t\t<div class=\"elementor-element elementor-element-bafd731 elementor-widget elementor-widget-image\" data-id=\"bafd731\" data-element_type=\"widget\" data-widget_type=\"image.default\">\n\t\t\t\t<div class=\"elementor-widget-container\">\n\t\t\t\t\t\t\t\t\t\t\t\t\t\t\t<img loading=\"lazy\" decoding=\"async\" width=\"447\" height=\"275\" src=\"https:\/\/daihen-varstroj.si\/wp-content\/uploads\/2025\/10\/Lowspatter.png\" class=\"attachment-medium_large size-medium_large wp-image-19342\" alt=\"\" srcset=\"https:\/\/daihen-varstroj.si\/wp-content\/uploads\/2025\/10\/Lowspatter.png 447w, https:\/\/daihen-varstroj.si\/wp-content\/uploads\/2025\/10\/Lowspatter-300x185.png 300w\" sizes=\"auto, (max-width: 447px) 100vw, 447px\" \/>\t\t\t\t\t\t\t\t\t\t\t\t\t\t\t<\/div>\n\t\t\t\t<\/div>\n\t\t\t\t\t<\/div>\n\t\t<\/div>\n\t\t\t\t\t\t\t<\/div>\n\t\t<\/section>\n\t\t\t\t<section class=\"elementor-section elementor-top-section elementor-element elementor-element-03625b1 elementor-section-boxed elementor-section-height-default elementor-section-height-default\" data-id=\"03625b1\" data-element_type=\"section\">\n\t\t\t\t\t\t<div class=\"elementor-container elementor-column-gap-default\">\n\t\t\t\t\t<div class=\"elementor-column elementor-col-100 elementor-top-column elementor-element elementor-element-e85be65\" data-id=\"e85be65\" data-element_type=\"column\">\n\t\t\t<div class=\"elementor-widget-wrap elementor-element-populated\">\n\t\t\t\t\t\t\t\t<div class=\"elementor-element elementor-element-aeff4d1 elementor-widget elementor-widget-heading\" data-id=\"aeff4d1\" data-element_type=\"widget\" data-widget_type=\"heading.default\">\n\t\t\t\t<div class=\"elementor-widget-container\">\n\t\t\t<h2 class=\"elementor-heading-title elementor-size-default\">Prednosti nadzora globine varjenja<\/h2>\t\t<\/div>\n\t\t\t\t<\/div>\n\t\t\t\t<div class=\"elementor-element elementor-element-51201c0 elementor-widget elementor-widget-text-editor\" data-id=\"51201c0\" data-element_type=\"widget\" data-widget_type=\"text-editor.default\">\n\t\t\t\t<div class=\"elementor-widget-container\">\n\t\t\t\t\t\t\t<ul><li>Manj \u010dasa in truda za \u010di\u0161\u010denje zvara ali komponente<\/li><li>Ravna in enakomerna oblika zvara<\/li><li>Zmanj\u0161anje brizganja do 80\u2009% pri 200 A (CO2)<\/li><li>Zmanj\u0161anje brizganja do 60\u2009% pri 200 A (MAG) <\/li><\/ul>\t\t\t\t\t\t<\/div>\n\t\t\t\t<\/div>\n\t\t\t\t\t<\/div>\n\t\t<\/div>\n\t\t\t\t\t\t\t<\/div>\n\t\t<\/section>\n\t\t\t\t<section class=\"elementor-section elementor-top-section elementor-element elementor-element-0682c26 elementor-section-boxed elementor-section-height-default elementor-section-height-default\" data-id=\"0682c26\" data-element_type=\"section\">\n\t\t\t\t\t\t<div class=\"elementor-container elementor-column-gap-default\">\n\t\t\t\t\t<div class=\"elementor-column elementor-col-100 elementor-top-column elementor-element elementor-element-b5d318b\" data-id=\"b5d318b\" data-element_type=\"column\">\n\t\t\t<div class=\"elementor-widget-wrap elementor-element-populated\">\n\t\t\t\t\t\t\t\t<div class=\"elementor-element elementor-element-fe8bca9 elementor-widget elementor-widget-image\" data-id=\"fe8bca9\" data-element_type=\"widget\" data-widget_type=\"image.default\">\n\t\t\t\t<div class=\"elementor-widget-container\">\n\t\t\t\t\t\t\t\t\t\t\t\t\t\t\t<img loading=\"lazy\" decoding=\"async\" width=\"768\" height=\"161\" src=\"https:\/\/daihen-varstroj.si\/wp-content\/uploads\/2025\/10\/Low-spatter_inline-aluminum-mig-768x161.png\" class=\"attachment-medium_large size-medium_large wp-image-19340\" alt=\"\" srcset=\"https:\/\/daihen-varstroj.si\/wp-content\/uploads\/2025\/10\/Low-spatter_inline-aluminum-mig-768x161.png 768w, https:\/\/daihen-varstroj.si\/wp-content\/uploads\/2025\/10\/Low-spatter_inline-aluminum-mig-300x63.png 300w, https:\/\/daihen-varstroj.si\/wp-content\/uploads\/2025\/10\/Low-spatter_inline-aluminum-mig.png 989w\" sizes=\"auto, (max-width: 768px) 100vw, 768px\" \/>\t\t\t\t\t\t\t\t\t\t\t\t\t\t\t<\/div>\n\t\t\t\t<\/div>\n\t\t\t\t\t<\/div>\n\t\t<\/div>\n\t\t\t\t\t\t\t<\/div>\n\t\t<\/section>\n\t\t\t\t<section class=\"elementor-section elementor-top-section elementor-element elementor-element-cdcbd59 elementor-section-full_width elementor-section-stretched elementor-section-height-default elementor-section-height-default\" data-id=\"cdcbd59\" data-element_type=\"section\" data-settings=\"{&quot;stretch_section&quot;:&quot;section-stretched&quot;,&quot;background_background&quot;:&quot;classic&quot;}\">\n\t\t\t\t\t\t<div class=\"elementor-container elementor-column-gap-default\">\n\t\t\t\t\t<div class=\"elementor-column elementor-col-100 elementor-top-column elementor-element elementor-element-dec87aa\" data-id=\"dec87aa\" data-element_type=\"column\">\n\t\t\t<div class=\"elementor-widget-wrap elementor-element-populated\">\n\t\t\t\t\t\t\t\t<div class=\"elementor-element elementor-element-ee62b5f elementor-widget elementor-widget-heading\" data-id=\"ee62b5f\" data-element_type=\"widget\" data-widget_type=\"heading.default\">\n\t\t\t\t<div class=\"elementor-widget-container\">\n\t\t\t<h5 class=\"elementor-heading-title elementor-size-default\">Odklenite svojo pot do uspeha v svetu varjenja.<\/h5>\t\t<\/div>\n\t\t\t\t<\/div>\n\t\t\t\t<div class=\"elementor-element elementor-element-283b5a3 elementor-align-center elementor-widget elementor-widget-the7_button_widget\" data-id=\"283b5a3\" data-element_type=\"widget\" data-widget_type=\"the7_button_widget.default\">\n\t\t\t\t<div class=\"elementor-widget-container\">\n\t\t\t<div class=\"elementor-button-wrapper\"><a href=\"https:\/\/daihen-varstroj.si\/sl\/gradiva\/\" class=\"box-button elementor-button elementor-size-xl\">Sredi\u0161\u010de za vire<\/a><\/div>\t\t<\/div>\n\t\t\t\t<\/div>\n\t\t\t\t\t<\/div>\n\t\t<\/div>\n\t\t\t\t\t\t\t<\/div>\n\t\t<\/section>\n\t\t\t\t\t\t\t<\/div>\n\t\t","protected":false},"excerpt":{"rendered":"<p>MIG MAG LOW SPATTER You are here: Home LOW SPATTER Minimalno brizganje Varilni izvori OTC DAIHEN omogo\u010dajo uporabo posebne funkcije za zmanj\u0161anje brizganja, kar pomeni manj \u010dasa in truda pri \u010di\u0161\u010denju zvara. Nadzor varilnega toka (CBT &#8211; \u02ddControlled Bridge Transfer\u02dd) zagotavlja maksimalno zmanj\u0161anje brizganja v uporabnem obmo\u010dju toka. Prednosti nadzora globine varjenja Manj \u010dasa in&hellip;<\/p>\n","protected":false},"author":2,"featured_media":0,"parent":19505,"menu_order":0,"comment_status":"closed","ping_status":"closed","template":"","meta":{"footnotes":""},"class_list":["post-19529","page","type-page","status-publish","hentry"],"_links":{"self":[{"href":"https:\/\/daihen-varstroj.si\/sl\/wp-json\/wp\/v2\/pages\/19529","targetHints":{"allow":["GET"]}}],"collection":[{"href":"https:\/\/daihen-varstroj.si\/sl\/wp-json\/wp\/v2\/pages"}],"about":[{"href":"https:\/\/daihen-varstroj.si\/sl\/wp-json\/wp\/v2\/types\/page"}],"author":[{"embeddable":true,"href":"https:\/\/daihen-varstroj.si\/sl\/wp-json\/wp\/v2\/users\/2"}],"replies":[{"embeddable":true,"href":"https:\/\/daihen-varstroj.si\/sl\/wp-json\/wp\/v2\/comments?post=19529"}],"version-history":[{"count":2,"href":"https:\/\/daihen-varstroj.si\/sl\/wp-json\/wp\/v2\/pages\/19529\/revisions"}],"predecessor-version":[{"id":19531,"href":"https:\/\/daihen-varstroj.si\/sl\/wp-json\/wp\/v2\/pages\/19529\/revisions\/19531"}],"up":[{"embeddable":true,"href":"https:\/\/daihen-varstroj.si\/sl\/wp-json\/wp\/v2\/pages\/19505"}],"wp:attachment":[{"href":"https:\/\/daihen-varstroj.si\/sl\/wp-json\/wp\/v2\/media?parent=19529"}],"curies":[{"name":"wp","href":"https:\/\/api.w.org\/{rel}","templated":true}]}}