{"id":19509,"date":"2025-10-06T07:02:34","date_gmt":"2025-10-06T07:02:34","guid":{"rendered":"https:\/\/daihen-varstroj.si\/resitve\/robotizacija\/d-arc\/"},"modified":"2025-10-09T12:12:51","modified_gmt":"2025-10-09T12:12:51","slug":"d-arc","status":"publish","type":"page","link":"https:\/\/daihen-varstroj.si\/sl\/resitve\/robotizacija\/d-arc\/","title":{"rendered":"D-Arc"},"content":{"rendered":"\t\t<div data-elementor-type=\"wp-page\" data-elementor-id=\"19509\" class=\"elementor elementor-19509 elementor-19274\" data-elementor-post-type=\"page\">\n\t\t\t\t\t\t\t\t\t<section class=\"elementor-section elementor-top-section elementor-element elementor-element-ae210a8 elementor-section-full_width elementor-section-stretched elementor-section-height-default elementor-section-height-default\" data-id=\"ae210a8\" data-element_type=\"section\" data-settings=\"{&quot;stretch_section&quot;:&quot;section-stretched&quot;,&quot;background_background&quot;:&quot;classic&quot;}\">\n\t\t\t\t\t\t\t<div class=\"elementor-background-overlay\"><\/div>\n\t\t\t\t\t\t\t<div class=\"elementor-container elementor-column-gap-default\">\n\t\t\t\t\t<div class=\"elementor-column elementor-col-100 elementor-top-column elementor-element elementor-element-db4250c\" data-id=\"db4250c\" data-element_type=\"column\">\n\t\t\t<div class=\"elementor-widget-wrap elementor-element-populated\">\n\t\t\t\t\t\t\t\t<div class=\"elementor-element elementor-element-50d7cc4 elementor-widget elementor-widget-heading\" data-id=\"50d7cc4\" data-element_type=\"widget\" data-widget_type=\"heading.default\">\n\t\t\t\t<div class=\"elementor-widget-container\">\n\t\t\t<h2 class=\"elementor-heading-title elementor-size-default\">MIG MAG D-ARC<\/h2>\t\t<\/div>\n\t\t\t\t<\/div>\n\t\t\t\t\t<\/div>\n\t\t<\/div>\n\t\t\t\t\t\t\t<\/div>\n\t\t<\/section>\n\t\t\t\t<section class=\"elementor-section elementor-top-section elementor-element elementor-element-2511468 elementor-section-boxed elementor-section-height-default elementor-section-height-default\" data-id=\"2511468\" data-element_type=\"section\">\n\t\t\t\t\t\t<div class=\"elementor-container elementor-column-gap-default\">\n\t\t\t\t\t<div class=\"elementor-column elementor-col-100 elementor-top-column elementor-element elementor-element-2d6e5dc\" data-id=\"2d6e5dc\" data-element_type=\"column\">\n\t\t\t<div class=\"elementor-widget-wrap elementor-element-populated\">\n\t\t\t\t\t\t\t\t<div class=\"elementor-element elementor-element-edc1ad1 elementor-widget elementor-widget-text-editor\" data-id=\"edc1ad1\" data-element_type=\"widget\" data-widget_type=\"text-editor.default\">\n\t\t\t\t<div class=\"elementor-widget-container\">\n\t\t\t\t\t\t\t\t\t\t\t\t\t<\/div>\n\t\t\t\t<\/div>\n\t\t\t\t<div class=\"elementor-element elementor-element-a20978c split-breadcrumbs-y elementor-widget elementor-widget-the7-breadcrumb\" data-id=\"a20978c\" data-element_type=\"widget\" data-widget_type=\"the7-breadcrumb.default\">\n\t\t\t\t<div class=\"elementor-widget-container\">\n\t\t\t<div class=\"assistive-text\">You are here:<\/div><ol class=\"breadcrumbs text-small rcrumbs\" itemscope itemtype=\"https:\/\/schema.org\/BreadcrumbList\"><li itemprop=\"itemListElement\" itemscope itemtype=\"https:\/\/schema.org\/ListItem\"><a itemprop=\"item\" href=\"https:\/\/daihen-varstroj.si\/sl\/\" title=\"Home\"><span itemprop=\"name\">Home<\/span><\/a><meta itemprop=\"position\" content=\"1\" \/><\/li><li class=\"current\" itemprop=\"itemListElement\" itemscope itemtype=\"https:\/\/schema.org\/ListItem\"><span itemprop=\"name\">Stran<\/span><meta itemprop=\"position\" content=\"2\" \/><\/li><\/ol>\t\t<\/div>\n\t\t\t\t<\/div>\n\t\t\t\t\t<\/div>\n\t\t<\/div>\n\t\t\t\t\t\t\t<\/div>\n\t\t<\/section>\n\t\t\t\t<section class=\"elementor-section elementor-top-section elementor-element elementor-element-e388a26 elementor-section-boxed elementor-section-height-default elementor-section-height-default\" data-id=\"e388a26\" data-element_type=\"section\">\n\t\t\t\t\t\t<div class=\"elementor-container elementor-column-gap-default\">\n\t\t\t\t\t<div class=\"elementor-column elementor-col-100 elementor-top-column elementor-element elementor-element-14b1809\" data-id=\"14b1809\" data-element_type=\"column\">\n\t\t\t<div class=\"elementor-widget-wrap elementor-element-populated\">\n\t\t\t\t\t\t\t\t<div class=\"elementor-element elementor-element-a14ca4a elementor-widget elementor-widget-heading\" data-id=\"a14ca4a\" data-element_type=\"widget\" data-widget_type=\"heading.default\">\n\t\t\t\t<div class=\"elementor-widget-container\">\n\t\t\t<h1 class=\"elementor-heading-title elementor-size-default\">D-ARC<\/h1>\t\t<\/div>\n\t\t\t\t<\/div>\n\t\t\t\t\t<\/div>\n\t\t<\/div>\n\t\t\t\t\t\t\t<\/div>\n\t\t<\/section>\n\t\t\t\t<section class=\"elementor-section elementor-top-section elementor-element elementor-element-cde0a85 elementor-section-boxed elementor-section-height-default elementor-section-height-default\" data-id=\"cde0a85\" data-element_type=\"section\">\n\t\t\t\t\t\t<div class=\"elementor-container elementor-column-gap-default\">\n\t\t\t\t\t<div class=\"elementor-column elementor-col-100 elementor-top-column elementor-element elementor-element-8d21896\" data-id=\"8d21896\" data-element_type=\"column\">\n\t\t\t<div class=\"elementor-widget-wrap elementor-element-populated\">\n\t\t\t\t\t\t\t\t<div class=\"elementor-element elementor-element-d43784e elementor-widget elementor-widget-heading\" data-id=\"d43784e\" data-element_type=\"widget\" data-widget_type=\"heading.default\">\n\t\t\t\t<div class=\"elementor-widget-container\">\n\t\t\t<h2 class=\"elementor-heading-title elementor-size-default\">Izjemno u\u010dinkovit varilni sistem za varjenje debelej\u0161ih jeklenih plo\u0161\u010d <\/h2>\t\t<\/div>\n\t\t\t\t<\/div>\n\t\t\t\t\t<\/div>\n\t\t<\/div>\n\t\t\t\t\t\t\t<\/div>\n\t\t<\/section>\n\t\t\t\t<section class=\"elementor-section elementor-top-section elementor-element elementor-element-f29d8e8 elementor-section-boxed elementor-section-height-default elementor-section-height-default\" data-id=\"f29d8e8\" data-element_type=\"section\">\n\t\t\t\t\t\t<div class=\"elementor-container elementor-column-gap-default\">\n\t\t\t\t\t<div class=\"elementor-column elementor-col-100 elementor-top-column elementor-element elementor-element-23baff2\" data-id=\"23baff2\" data-element_type=\"column\">\n\t\t\t<div class=\"elementor-widget-wrap elementor-element-populated\">\n\t\t\t\t\t\t\t\t<div class=\"elementor-element elementor-element-3a8392f elementor-widget elementor-widget-text-editor\" data-id=\"3a8392f\" data-element_type=\"widget\" data-widget_type=\"text-editor.default\">\n\t\t\t\t<div class=\"elementor-widget-container\">\n\t\t\t\t\t\t\t<p>Je potrebno \u0161e kaj dodati?<\/p>\t\t\t\t\t\t<\/div>\n\t\t\t\t<\/div>\n\t\t\t\t<div class=\"elementor-element elementor-element-bb4cd84 elementor-widget elementor-widget-image\" data-id=\"bb4cd84\" data-element_type=\"widget\" data-widget_type=\"image.default\">\n\t\t\t\t<div class=\"elementor-widget-container\">\n\t\t\t\t\t\t\t\t\t\t\t\t\t\t\t<img loading=\"lazy\" decoding=\"async\" width=\"837\" height=\"157\" src=\"https:\/\/daihen-varstroj.si\/wp-content\/uploads\/2025\/10\/D-arc-in-numbers.png\" class=\"attachment-large size-large wp-image-19286\" alt=\"\" srcset=\"https:\/\/daihen-varstroj.si\/wp-content\/uploads\/2025\/10\/D-arc-in-numbers.png 837w, https:\/\/daihen-varstroj.si\/wp-content\/uploads\/2025\/10\/D-arc-in-numbers-300x56.png 300w, https:\/\/daihen-varstroj.si\/wp-content\/uploads\/2025\/10\/D-arc-in-numbers-768x144.png 768w\" sizes=\"auto, (max-width: 837px) 100vw, 837px\" \/>\t\t\t\t\t\t\t\t\t\t\t\t\t\t\t<\/div>\n\t\t\t\t<\/div>\n\t\t\t\t\t<\/div>\n\t\t<\/div>\n\t\t\t\t\t\t\t<\/div>\n\t\t<\/section>\n\t\t\t\t<section class=\"elementor-section elementor-top-section elementor-element elementor-element-5af8aaa elementor-section-boxed elementor-section-height-default elementor-section-height-default\" data-id=\"5af8aaa\" data-element_type=\"section\">\n\t\t\t\t\t\t<div class=\"elementor-container elementor-column-gap-default\">\n\t\t\t\t\t<div class=\"elementor-column elementor-col-100 elementor-top-column elementor-element elementor-element-d3f41fb\" data-id=\"d3f41fb\" data-element_type=\"column\">\n\t\t\t<div class=\"elementor-widget-wrap elementor-element-populated\">\n\t\t\t\t\t\t\t\t<div class=\"elementor-element elementor-element-d89a19e elementor-widget elementor-widget-text-editor\" data-id=\"d89a19e\" data-element_type=\"widget\" data-widget_type=\"text-editor.default\">\n\t\t\t\t<div class=\"elementor-widget-container\">\n\t\t\t\t\t\t\t<p>Proces D-Arc, podjetja OTC je inovativna tehnika varjenja, ki omogo\u010da u\u010dinkovito varjenje debelih plo\u0161\u010d z enim prehodom. D-Arc predstavlja pomemben korak naprej na podro\u010dju varjenja debelej\u0161ih plo\u0161\u010d. <\/p><p>U\u010dinkovito varjenje debelih plo\u0161\u010d z visokim tokom, primerljivo ali bolj\u0161e od obi\u010dajnega GMA varjenja<\/p>\t\t\t\t\t\t<\/div>\n\t\t\t\t<\/div>\n\t\t\t\t\t<\/div>\n\t\t<\/div>\n\t\t\t\t\t\t\t<\/div>\n\t\t<\/section>\n\t\t\t\t<section class=\"elementor-section elementor-top-section elementor-element elementor-element-4548a75 elementor-section-boxed elementor-section-height-default elementor-section-height-default\" data-id=\"4548a75\" data-element_type=\"section\">\n\t\t\t\t\t\t<div class=\"elementor-container elementor-column-gap-default\">\n\t\t\t\t\t<div class=\"elementor-column elementor-col-100 elementor-top-column elementor-element elementor-element-63ea636\" data-id=\"63ea636\" data-element_type=\"column\">\n\t\t\t<div class=\"elementor-widget-wrap elementor-element-populated\">\n\t\t\t\t\t\t\t\t<div class=\"elementor-element elementor-element-bafd731 elementor-widget elementor-widget-image\" data-id=\"bafd731\" data-element_type=\"widget\" data-widget_type=\"image.default\">\n\t\t\t\t<div class=\"elementor-widget-container\">\n\t\t\t\t\t\t\t\t\t\t\t\t\t\t\t<img loading=\"lazy\" decoding=\"async\" width=\"768\" height=\"287\" src=\"https:\/\/daihen-varstroj.si\/wp-content\/uploads\/2025\/10\/D-arc_burried-arc-welding-1-1-768x287.png\" class=\"attachment-medium_large size-medium_large wp-image-19294\" alt=\"\" srcset=\"https:\/\/daihen-varstroj.si\/wp-content\/uploads\/2025\/10\/D-arc_burried-arc-welding-1-1-768x287.png 768w, https:\/\/daihen-varstroj.si\/wp-content\/uploads\/2025\/10\/D-arc_burried-arc-welding-1-1-300x112.png 300w, https:\/\/daihen-varstroj.si\/wp-content\/uploads\/2025\/10\/D-arc_burried-arc-welding-1-1-1024x383.png 1024w, https:\/\/daihen-varstroj.si\/wp-content\/uploads\/2025\/10\/D-arc_burried-arc-welding-1-1-1536x574.png 1536w, https:\/\/daihen-varstroj.si\/wp-content\/uploads\/2025\/10\/D-arc_burried-arc-welding-1-1-2048x765.png 2048w\" sizes=\"auto, (max-width: 768px) 100vw, 768px\" \/>\t\t\t\t\t\t\t\t\t\t\t\t\t\t\t<\/div>\n\t\t\t\t<\/div>\n\t\t\t\t\t<\/div>\n\t\t<\/div>\n\t\t\t\t\t\t\t<\/div>\n\t\t<\/section>\n\t\t\t\t<section class=\"elementor-section elementor-top-section elementor-element elementor-element-03625b1 elementor-section-boxed elementor-section-height-default elementor-section-height-default\" data-id=\"03625b1\" data-element_type=\"section\">\n\t\t\t\t\t\t<div class=\"elementor-container elementor-column-gap-default\">\n\t\t\t\t\t<div class=\"elementor-column elementor-col-100 elementor-top-column elementor-element elementor-element-e85be65\" data-id=\"e85be65\" data-element_type=\"column\">\n\t\t\t<div class=\"elementor-widget-wrap elementor-element-populated\">\n\t\t\t\t\t\t\t\t<div class=\"elementor-element elementor-element-aeff4d1 elementor-widget elementor-widget-heading\" data-id=\"aeff4d1\" data-element_type=\"widget\" data-widget_type=\"heading.default\">\n\t\t\t\t<div class=\"elementor-widget-container\">\n\t\t\t<h2 class=\"elementor-heading-title elementor-size-default\">Varjenje z zakopanim lokom (\u02ddBuried Arc\u02dd): <\/h2>\t\t<\/div>\n\t\t\t\t<\/div>\n\t\t\t\t<div class=\"elementor-element elementor-element-51201c0 elementor-widget elementor-widget-text-editor\" data-id=\"51201c0\" data-element_type=\"widget\" data-widget_type=\"text-editor.default\">\n\t\t\t\t<div class=\"elementor-widget-container\">\n\t\t\t\t\t\t\t<ul><li>Lok se generira pod povr\u0161ino taline<\/li><li>Globlji deli osnovnega materiala se segrejejo, kar omogo\u010da globoko prebojnost<\/li><li>Talina mora biti stabilizirana, da se ohrani stabilnost loka<\/li><\/ul>\t\t\t\t\t\t<\/div>\n\t\t\t\t<\/div>\n\t\t\t\t\t<\/div>\n\t\t<\/div>\n\t\t\t\t\t\t\t<\/div>\n\t\t<\/section>\n\t\t\t\t<section class=\"elementor-section elementor-top-section elementor-element elementor-element-07e39ce elementor-section-boxed elementor-section-height-default elementor-section-height-default\" data-id=\"07e39ce\" data-element_type=\"section\">\n\t\t\t\t\t\t<div class=\"elementor-container elementor-column-gap-default\">\n\t\t\t\t\t<div class=\"elementor-column elementor-col-100 elementor-top-column elementor-element elementor-element-20df370\" data-id=\"20df370\" data-element_type=\"column\">\n\t\t\t<div class=\"elementor-widget-wrap elementor-element-populated\">\n\t\t\t\t\t\t\t\t<div class=\"elementor-element elementor-element-fd86b9b elementor-widget elementor-widget-image\" data-id=\"fd86b9b\" data-element_type=\"widget\" data-widget_type=\"image.default\">\n\t\t\t\t<div class=\"elementor-widget-container\">\n\t\t\t\t\t\t\t\t\t\t\t\t\t\t\t<img loading=\"lazy\" decoding=\"async\" width=\"1024\" height=\"308\" src=\"https:\/\/daihen-varstroj.si\/wp-content\/uploads\/2025\/10\/D-arc-1-1024x308.png\" class=\"attachment-large size-large wp-image-19310\" alt=\"\" srcset=\"https:\/\/daihen-varstroj.si\/wp-content\/uploads\/2025\/10\/D-arc-1-1024x308.png 1024w, https:\/\/daihen-varstroj.si\/wp-content\/uploads\/2025\/10\/D-arc-1-300x90.png 300w, https:\/\/daihen-varstroj.si\/wp-content\/uploads\/2025\/10\/D-arc-1-768x231.png 768w, https:\/\/daihen-varstroj.si\/wp-content\/uploads\/2025\/10\/D-arc-1-1536x461.png 1536w, https:\/\/daihen-varstroj.si\/wp-content\/uploads\/2025\/10\/D-arc-1-2048x615.png 2048w\" sizes=\"auto, (max-width: 1024px) 100vw, 1024px\" \/>\t\t\t\t\t\t\t\t\t\t\t\t\t\t\t<\/div>\n\t\t\t\t<\/div>\n\t\t\t\t\t<\/div>\n\t\t<\/div>\n\t\t\t\t\t\t\t<\/div>\n\t\t<\/section>\n\t\t\t\t<section class=\"elementor-section elementor-top-section elementor-element elementor-element-6b9ec72 elementor-section-boxed elementor-section-height-default elementor-section-height-default\" data-id=\"6b9ec72\" data-element_type=\"section\">\n\t\t\t\t\t\t<div class=\"elementor-container elementor-column-gap-default\">\n\t\t\t\t\t<div class=\"elementor-column elementor-col-100 elementor-top-column elementor-element elementor-element-945d803\" data-id=\"945d803\" data-element_type=\"column\">\n\t\t\t<div class=\"elementor-widget-wrap elementor-element-populated\">\n\t\t\t\t\t\t\t\t<div class=\"elementor-element elementor-element-d006405 elementor-widget elementor-widget-text-editor\" data-id=\"d006405\" data-element_type=\"widget\" data-widget_type=\"text-editor.default\">\n\t\t\t\t<div class=\"elementor-widget-container\">\n\t\t\t\t\t\t\t<p>Nadzor napetosti z nizkofrekven\u010dnim moduliranjem za stabilizacijo zakopanega loka <\/p>\t\t\t\t\t\t<\/div>\n\t\t\t\t<\/div>\n\t\t\t\t<div class=\"elementor-element elementor-element-240216c elementor-widget elementor-widget-image\" data-id=\"240216c\" data-element_type=\"widget\" data-widget_type=\"image.default\">\n\t\t\t\t<div class=\"elementor-widget-container\">\n\t\t\t\t\t\t\t\t\t\t\t\t\t\t\t<img loading=\"lazy\" decoding=\"async\" width=\"1024\" height=\"414\" src=\"https:\/\/daihen-varstroj.si\/wp-content\/uploads\/2025\/10\/D-arc_19-mm-plate-1024x414.png\" class=\"attachment-large size-large wp-image-19281\" alt=\"\" srcset=\"https:\/\/daihen-varstroj.si\/wp-content\/uploads\/2025\/10\/D-arc_19-mm-plate-1024x414.png 1024w, https:\/\/daihen-varstroj.si\/wp-content\/uploads\/2025\/10\/D-arc_19-mm-plate-300x121.png 300w, https:\/\/daihen-varstroj.si\/wp-content\/uploads\/2025\/10\/D-arc_19-mm-plate-768x311.png 768w, https:\/\/daihen-varstroj.si\/wp-content\/uploads\/2025\/10\/D-arc_19-mm-plate-1536x621.png 1536w, https:\/\/daihen-varstroj.si\/wp-content\/uploads\/2025\/10\/D-arc_19-mm-plate-2048x829.png 2048w\" sizes=\"auto, (max-width: 1024px) 100vw, 1024px\" \/>\t\t\t\t\t\t\t\t\t\t\t\t\t\t\t<\/div>\n\t\t\t\t<\/div>\n\t\t\t\t\t<\/div>\n\t\t<\/div>\n\t\t\t\t\t\t\t<\/div>\n\t\t<\/section>\n\t\t\t\t<section class=\"elementor-section elementor-top-section elementor-element elementor-element-daba1d9 elementor-section-boxed elementor-section-height-default elementor-section-height-default\" data-id=\"daba1d9\" data-element_type=\"section\">\n\t\t\t\t\t\t<div class=\"elementor-container elementor-column-gap-default\">\n\t\t\t\t\t<div class=\"elementor-column elementor-col-100 elementor-top-column elementor-element elementor-element-e7ab04f\" data-id=\"e7ab04f\" data-element_type=\"column\">\n\t\t\t<div class=\"elementor-widget-wrap elementor-element-populated\">\n\t\t\t\t\t\t\t\t<div class=\"elementor-element elementor-element-1e0d1ce elementor-widget elementor-widget-heading\" data-id=\"1e0d1ce\" data-element_type=\"widget\" data-widget_type=\"heading.default\">\n\t\t\t\t<div class=\"elementor-widget-container\">\n\t\t\t<h2 class=\"elementor-heading-title elementor-size-default\">Primeri<\/h2>\t\t<\/div>\n\t\t\t\t<\/div>\n\t\t\t\t\t<\/div>\n\t\t<\/div>\n\t\t\t\t\t\t\t<\/div>\n\t\t<\/section>\n\t\t\t\t<section class=\"elementor-section elementor-top-section elementor-element elementor-element-5e4ec0c elementor-section-boxed elementor-section-height-default elementor-section-height-default\" data-id=\"5e4ec0c\" data-element_type=\"section\">\n\t\t\t\t\t\t<div class=\"elementor-container elementor-column-gap-default\">\n\t\t\t\t\t<div class=\"elementor-column elementor-col-33 elementor-top-column elementor-element elementor-element-d7638fd\" data-id=\"d7638fd\" data-element_type=\"column\">\n\t\t\t<div class=\"elementor-widget-wrap elementor-element-populated\">\n\t\t\t\t\t\t\t\t<div class=\"elementor-element elementor-element-92e44b6 elementor-widget elementor-widget-image\" data-id=\"92e44b6\" data-element_type=\"widget\" data-widget_type=\"image.default\">\n\t\t\t\t<div class=\"elementor-widget-container\">\n\t\t\t\t\t\t\t\t\t\t\t\t\t\t\t<img loading=\"lazy\" decoding=\"async\" width=\"635\" height=\"390\" src=\"https:\/\/daihen-varstroj.si\/wp-content\/uploads\/2025\/10\/D-ARC_example-1.jpeg\" class=\"attachment-large size-large wp-image-19288\" alt=\"\" srcset=\"https:\/\/daihen-varstroj.si\/wp-content\/uploads\/2025\/10\/D-ARC_example-1.jpeg 635w, https:\/\/daihen-varstroj.si\/wp-content\/uploads\/2025\/10\/D-ARC_example-1-300x184.jpeg 300w\" sizes=\"auto, (max-width: 635px) 100vw, 635px\" \/>\t\t\t\t\t\t\t\t\t\t\t\t\t\t\t<\/div>\n\t\t\t\t<\/div>\n\t\t\t\t\t<\/div>\n\t\t<\/div>\n\t\t\t\t<div class=\"elementor-column elementor-col-33 elementor-top-column elementor-element elementor-element-1294590\" data-id=\"1294590\" data-element_type=\"column\">\n\t\t\t<div class=\"elementor-widget-wrap elementor-element-populated\">\n\t\t\t\t\t\t\t\t<div class=\"elementor-element elementor-element-4ab402b elementor-widget elementor-widget-image\" data-id=\"4ab402b\" data-element_type=\"widget\" data-widget_type=\"image.default\">\n\t\t\t\t<div class=\"elementor-widget-container\">\n\t\t\t\t\t\t\t\t\t\t\t\t\t\t\t<img loading=\"lazy\" decoding=\"async\" width=\"722\" height=\"447\" src=\"https:\/\/daihen-varstroj.si\/wp-content\/uploads\/2025\/10\/D-ARC_example-2.jpeg\" class=\"attachment-large size-large wp-image-19290\" alt=\"\" srcset=\"https:\/\/daihen-varstroj.si\/wp-content\/uploads\/2025\/10\/D-ARC_example-2.jpeg 722w, https:\/\/daihen-varstroj.si\/wp-content\/uploads\/2025\/10\/D-ARC_example-2-300x186.jpeg 300w\" sizes=\"auto, (max-width: 722px) 100vw, 722px\" \/>\t\t\t\t\t\t\t\t\t\t\t\t\t\t\t<\/div>\n\t\t\t\t<\/div>\n\t\t\t\t\t<\/div>\n\t\t<\/div>\n\t\t\t\t<div class=\"elementor-column elementor-col-33 elementor-top-column elementor-element elementor-element-b6a53cf\" data-id=\"b6a53cf\" data-element_type=\"column\">\n\t\t\t<div class=\"elementor-widget-wrap elementor-element-populated\">\n\t\t\t\t\t\t\t\t<div class=\"elementor-element elementor-element-88c55c5 elementor-widget elementor-widget-image\" data-id=\"88c55c5\" data-element_type=\"widget\" data-widget_type=\"image.default\">\n\t\t\t\t<div class=\"elementor-widget-container\">\n\t\t\t\t\t\t\t\t\t\t\t\t\t\t\t<img loading=\"lazy\" decoding=\"async\" width=\"800\" height=\"475\" src=\"https:\/\/daihen-varstroj.si\/wp-content\/uploads\/2025\/10\/D-ARC_example-3-3.jpeg\" class=\"attachment-large size-large wp-image-19306\" alt=\"\" srcset=\"https:\/\/daihen-varstroj.si\/wp-content\/uploads\/2025\/10\/D-ARC_example-3-3.jpeg 800w, https:\/\/daihen-varstroj.si\/wp-content\/uploads\/2025\/10\/D-ARC_example-3-3-300x178.jpeg 300w, https:\/\/daihen-varstroj.si\/wp-content\/uploads\/2025\/10\/D-ARC_example-3-3-768x456.jpeg 768w\" sizes=\"auto, (max-width: 800px) 100vw, 800px\" \/>\t\t\t\t\t\t\t\t\t\t\t\t\t\t\t<\/div>\n\t\t\t\t<\/div>\n\t\t\t\t\t<\/div>\n\t\t<\/div>\n\t\t\t\t\t\t\t<\/div>\n\t\t<\/section>\n\t\t\t\t<section class=\"elementor-section elementor-top-section elementor-element elementor-element-b81cc92 elementor-section-boxed elementor-section-height-default elementor-section-height-default\" data-id=\"b81cc92\" data-element_type=\"section\">\n\t\t\t\t\t\t<div class=\"elementor-container elementor-column-gap-default\">\n\t\t\t\t\t<div class=\"elementor-column elementor-col-50 elementor-top-column elementor-element elementor-element-6169614\" data-id=\"6169614\" data-element_type=\"column\">\n\t\t\t<div class=\"elementor-widget-wrap elementor-element-populated\">\n\t\t\t\t\t\t\t\t<div class=\"elementor-element elementor-element-38ea507 elementor-align-left elementor-mobile-align-center elementor-widget elementor-widget-button\" data-id=\"38ea507\" data-element_type=\"widget\" data-widget_type=\"button.default\">\n\t\t\t\t<div class=\"elementor-widget-container\">\n\t\t\t\t\t<div class=\"elementor-button-wrapper\">\n\t\t\t<a class=\"elementor-button elementor-button-link elementor-size-xl\" href=\"https:\/\/daihen-varstroj.si\/wp-content\/uploads\/2025\/10\/D-ARC_eng.pdf\" target=\"_blank\">\n\t\t\t\t\t\t<span class=\"elementor-button-content-wrapper\">\n\t\t\t\t\t\t<span class=\"elementor-button-icon elementor-align-icon-right\">\n\t\t\t\t<i aria-hidden=\"true\" class=\"fas fa-file-download\"><\/i>\t\t\t<\/span>\n\t\t\t\t\t\t<span class=\"elementor-button-text\">PDF <\/span>\n\t\t<\/span>\n\t\t\t\t\t<\/a>\n\t\t<\/div>\n\t\t\t\t<\/div>\n\t\t\t\t<\/div>\n\t\t\t\t\t<\/div>\n\t\t<\/div>\n\t\t\t\t<div class=\"elementor-column elementor-col-50 elementor-top-column elementor-element elementor-element-b270642\" data-id=\"b270642\" data-element_type=\"column\">\n\t\t\t<div class=\"elementor-widget-wrap\">\n\t\t\t\t\t\t\t\t\t<\/div>\n\t\t<\/div>\n\t\t\t\t\t\t\t<\/div>\n\t\t<\/section>\n\t\t\t\t<section class=\"elementor-section elementor-top-section elementor-element elementor-element-cdcbd59 elementor-section-full_width elementor-section-stretched elementor-section-height-default elementor-section-height-default\" data-id=\"cdcbd59\" data-element_type=\"section\" data-settings=\"{&quot;stretch_section&quot;:&quot;section-stretched&quot;,&quot;background_background&quot;:&quot;classic&quot;}\">\n\t\t\t\t\t\t<div class=\"elementor-container elementor-column-gap-default\">\n\t\t\t\t\t<div class=\"elementor-column elementor-col-100 elementor-top-column elementor-element elementor-element-dec87aa\" data-id=\"dec87aa\" data-element_type=\"column\">\n\t\t\t<div class=\"elementor-widget-wrap elementor-element-populated\">\n\t\t\t\t\t\t\t\t<div class=\"elementor-element elementor-element-ee62b5f elementor-widget elementor-widget-heading\" data-id=\"ee62b5f\" data-element_type=\"widget\" data-widget_type=\"heading.default\">\n\t\t\t\t<div class=\"elementor-widget-container\">\n\t\t\t<h5 class=\"elementor-heading-title elementor-size-default\">Odklenite svojo pot do uspeha v svetu varjenja.<\/h5>\t\t<\/div>\n\t\t\t\t<\/div>\n\t\t\t\t<div class=\"elementor-element elementor-element-283b5a3 elementor-align-center elementor-widget elementor-widget-the7_button_widget\" data-id=\"283b5a3\" data-element_type=\"widget\" data-widget_type=\"the7_button_widget.default\">\n\t\t\t\t<div class=\"elementor-widget-container\">\n\t\t\t<div class=\"elementor-button-wrapper\"><a href=\"https:\/\/daihen-varstroj.si\/sl\/gradiva\/\" class=\"box-button elementor-button elementor-size-xl\">Sredi\u0161\u010de za vire<\/a><\/div>\t\t<\/div>\n\t\t\t\t<\/div>\n\t\t\t\t\t<\/div>\n\t\t<\/div>\n\t\t\t\t\t\t\t<\/div>\n\t\t<\/section>\n\t\t\t\t\t\t\t<\/div>\n\t\t","protected":false},"excerpt":{"rendered":"<p>MIG MAG D-ARC You are here: Home D-ARC Izjemno u\u010dinkovit varilni sistem za varjenje debelej\u0161ih jeklenih plo\u0161\u010d Je potrebno \u0161e kaj dodati? Proces D-Arc, podjetja OTC je inovativna tehnika varjenja, ki omogo\u010da u\u010dinkovito varjenje debelih plo\u0161\u010d z enim prehodom. D-Arc predstavlja pomemben korak naprej na podro\u010dju varjenja debelej\u0161ih plo\u0161\u010d. U\u010dinkovito varjenje debelih plo\u0161\u010d z visokim&hellip;<\/p>\n","protected":false},"author":2,"featured_media":0,"parent":19505,"menu_order":0,"comment_status":"closed","ping_status":"closed","template":"","meta":{"footnotes":""},"class_list":["post-19509","page","type-page","status-publish","hentry"],"_links":{"self":[{"href":"https:\/\/daihen-varstroj.si\/sl\/wp-json\/wp\/v2\/pages\/19509","targetHints":{"allow":["GET"]}}],"collection":[{"href":"https:\/\/daihen-varstroj.si\/sl\/wp-json\/wp\/v2\/pages"}],"about":[{"href":"https:\/\/daihen-varstroj.si\/sl\/wp-json\/wp\/v2\/types\/page"}],"author":[{"embeddable":true,"href":"https:\/\/daihen-varstroj.si\/sl\/wp-json\/wp\/v2\/users\/2"}],"replies":[{"embeddable":true,"href":"https:\/\/daihen-varstroj.si\/sl\/wp-json\/wp\/v2\/comments?post=19509"}],"version-history":[{"count":2,"href":"https:\/\/daihen-varstroj.si\/sl\/wp-json\/wp\/v2\/pages\/19509\/revisions"}],"predecessor-version":[{"id":19511,"href":"https:\/\/daihen-varstroj.si\/sl\/wp-json\/wp\/v2\/pages\/19509\/revisions\/19511"}],"up":[{"embeddable":true,"href":"https:\/\/daihen-varstroj.si\/sl\/wp-json\/wp\/v2\/pages\/19505"}],"wp:attachment":[{"href":"https:\/\/daihen-varstroj.si\/sl\/wp-json\/wp\/v2\/media?parent=19509"}],"curies":[{"name":"wp","href":"https:\/\/api.w.org\/{rel}","templated":true}]}}