{"id":19495,"date":"2024-07-04T07:43:55","date_gmt":"2024-07-04T07:43:55","guid":{"rendered":"https:\/\/daihen-varstroj.si\/rocno-varjenje\/plazma\/"},"modified":"2025-10-09T11:52:33","modified_gmt":"2025-10-09T11:52:33","slug":"plazma","status":"publish","type":"page","link":"https:\/\/daihen-varstroj.si\/sl\/resitve\/rocno-varjenje\/plazma\/","title":{"rendered":"PLAZMA"},"content":{"rendered":"\t\t<div data-elementor-type=\"wp-page\" data-elementor-id=\"19495\" class=\"elementor elementor-19495 elementor-13895\" data-elementor-post-type=\"page\">\n\t\t\t\t\t\t\t\t\t<section class=\"elementor-section elementor-top-section elementor-element elementor-element-6d057c7 elementor-section-full_width elementor-section-stretched elementor-section-height-default elementor-section-height-default\" data-id=\"6d057c7\" data-element_type=\"section\" data-settings=\"{&quot;stretch_section&quot;:&quot;section-stretched&quot;,&quot;background_background&quot;:&quot;classic&quot;}\">\n\t\t\t\t\t\t\t<div class=\"elementor-background-overlay\"><\/div>\n\t\t\t\t\t\t\t<div class=\"elementor-container elementor-column-gap-default\">\n\t\t\t\t\t<div class=\"elementor-column elementor-col-100 elementor-top-column elementor-element elementor-element-336deb3\" data-id=\"336deb3\" data-element_type=\"column\">\n\t\t\t<div class=\"elementor-widget-wrap elementor-element-populated\">\n\t\t\t\t\t\t\t\t<div class=\"elementor-element elementor-element-058284b elementor-widget elementor-widget-html\" data-id=\"058284b\" data-element_type=\"widget\" data-widget_type=\"html.default\">\n\t\t\t\t<div class=\"elementor-widget-container\">\n\t\t\t\t\t<div data-elementor-type=\"section\" data-elementor-id=\"19756\" class=\"elementor elementor-19756 elementor-11678\" data-elementor-post-type=\"elementor_library\">\n\t\t\t\t\t\t\t\t<section class=\"elementor-section elementor-top-section elementor-element elementor-element-284423f elementor-section-boxed elementor-section-height-default elementor-section-height-default\" data-id=\"284423f\" data-element_type=\"section\">\n\t\t\t\t\t\t<div class=\"elementor-container elementor-column-gap-default\">\n\t\t\t\t\t<div class=\"elementor-column elementor-col-100 elementor-top-column elementor-element elementor-element-87ce902\" data-id=\"87ce902\" data-element_type=\"column\">\n\t\t\t<div class=\"elementor-widget-wrap elementor-element-populated\">\n\t\t\t\t\t\t\t\t<div class=\"elementor-element elementor-element-e85a18d elementor-widget elementor-widget-text-editor\" data-id=\"e85a18d\" data-element_type=\"widget\" data-widget_type=\"text-editor.default\">\n\t\t\t\t<div class=\"elementor-widget-container\">\n\t\t\t\t\t\t\t<p>RO\u010cNO VARJENJE<\/p>\t\t\t\t\t\t<\/div>\n\t\t\t\t<\/div>\n\t\t\t\t<div class=\"elementor-element elementor-element-16041d7 elementor-widget elementor-widget-text-editor\" data-id=\"16041d7\" data-element_type=\"widget\" data-widget_type=\"text-editor.default\">\n\t\t\t\t<div class=\"elementor-widget-container\">\n\t\t\t\t\t\t\t<p>VARILNI APARATI DAIHEN VARSTROJ <\/p>\t\t\t\t\t\t<\/div>\n\t\t\t\t<\/div>\n\t\t\t\t<div class=\"elementor-element elementor-element-35517b4 elementor-widget elementor-widget-text-editor\" data-id=\"35517b4\" data-element_type=\"widget\" data-widget_type=\"text-editor.default\">\n\t\t\t\t<div class=\"elementor-widget-container\">\n\t\t\t\t\t\t\t<div class=\"pdb-desc fz-16 comm-desc\"><p><b>PRVA IZBIRA VARILCEV<\/b><\/p><\/div>\t\t\t\t\t\t<\/div>\n\t\t\t\t<\/div>\n\t\t\t\t<div class=\"elementor-element elementor-element-3ea1b83 elementor-widget elementor-widget-text-editor\" data-id=\"3ea1b83\" data-element_type=\"widget\" data-widget_type=\"text-editor.default\">\n\t\t\t\t<div class=\"elementor-widget-container\">\n\t\t\t\t\t\t\t<p>VRHUNSKA ODLI\u010cNOST ZA NAJZAHTEVNEJ\u0160E IZZIVE <\/p>\t\t\t\t\t\t<\/div>\n\t\t\t\t<\/div>\n\t\t\t\t\t<\/div>\n\t\t<\/div>\n\t\t\t\t\t\t\t<\/div>\n\t\t<\/section>\n\t\t\t\t\t\t<\/div>\n\t\t\t\t<\/div>\n\t\t\t\t<\/div>\n\t\t\t\t\t<\/div>\n\t\t<\/div>\n\t\t\t\t\t\t\t<\/div>\n\t\t<\/section>\n\t\t\t\t<section class=\"elementor-section elementor-top-section elementor-element elementor-element-0c3924e elementor-section-boxed elementor-section-height-default elementor-section-height-default\" data-id=\"0c3924e\" data-element_type=\"section\">\n\t\t\t\t\t\t<div class=\"elementor-container elementor-column-gap-default\">\n\t\t\t\t\t<div class=\"elementor-column elementor-col-100 elementor-top-column elementor-element elementor-element-c73c5b6\" data-id=\"c73c5b6\" data-element_type=\"column\">\n\t\t\t<div class=\"elementor-widget-wrap elementor-element-populated\">\n\t\t\t\t\t\t\t\t<div class=\"elementor-element elementor-element-92ce812 split-breadcrumbs-y elementor-widget elementor-widget-the7-breadcrumb\" data-id=\"92ce812\" data-element_type=\"widget\" data-widget_type=\"the7-breadcrumb.default\">\n\t\t\t\t<div class=\"elementor-widget-container\">\n\t\t\t<div class=\"assistive-text\">You are here:<\/div><ol class=\"breadcrumbs text-small rcrumbs\" itemscope itemtype=\"https:\/\/schema.org\/BreadcrumbList\"><li itemprop=\"itemListElement\" itemscope itemtype=\"https:\/\/schema.org\/ListItem\"><a itemprop=\"item\" href=\"https:\/\/daihen-varstroj.si\/sl\/\" title=\"Home\"><span itemprop=\"name\">Home<\/span><\/a><meta itemprop=\"position\" content=\"1\" \/><\/li><li class=\"current\" itemprop=\"itemListElement\" itemscope itemtype=\"https:\/\/schema.org\/ListItem\"><span itemprop=\"name\">Stran<\/span><meta itemprop=\"position\" content=\"2\" \/><\/li><\/ol>\t\t<\/div>\n\t\t\t\t<\/div>\n\t\t\t\t\t<\/div>\n\t\t<\/div>\n\t\t\t\t\t\t\t<\/div>\n\t\t<\/section>\n\t\t\t\t<section class=\"elementor-section elementor-top-section elementor-element elementor-element-449f8cd elementor-section-full_width elementor-section-height-default elementor-section-height-default\" data-id=\"449f8cd\" data-element_type=\"section\">\n\t\t\t\t\t\t<div class=\"elementor-container elementor-column-gap-default\">\n\t\t\t\t\t<div class=\"elementor-column elementor-col-100 elementor-top-column elementor-element elementor-element-faff209\" data-id=\"faff209\" data-element_type=\"column\">\n\t\t\t<div class=\"elementor-widget-wrap elementor-element-populated\">\n\t\t\t\t\t\t\t\t<div class=\"elementor-element elementor-element-e21dd0b elementor-widget elementor-widget-heading\" data-id=\"e21dd0b\" data-element_type=\"widget\" data-widget_type=\"heading.default\">\n\t\t\t\t<div class=\"elementor-widget-container\">\n\t\t\t<h1 class=\"elementor-heading-title elementor-size-default\"><b>RE\u0160ITVE ZA PLAZEMSKO REZANJE<\/b><\/h1>\t\t<\/div>\n\t\t\t\t<\/div>\n\t\t\t\t<div class=\"elementor-element elementor-element-a7db737 elementor-widget elementor-widget-spacer\" data-id=\"a7db737\" data-element_type=\"widget\" data-widget_type=\"spacer.default\">\n\t\t\t\t<div class=\"elementor-widget-container\">\n\t\t\t\t\t<div class=\"elementor-spacer\">\n\t\t\t<div class=\"elementor-spacer-inner\"><\/div>\n\t\t<\/div>\n\t\t\t\t<\/div>\n\t\t\t\t<\/div>\n\t\t\t\t<div class=\"elementor-element elementor-element-0626008 elementor-widget elementor-widget-text-editor\" data-id=\"0626008\" data-element_type=\"widget\" data-widget_type=\"text-editor.default\">\n\t\t\t\t<div class=\"elementor-widget-container\">\n\t\t\t\t\t\t\t<p data-start=\"146\" data-end=\"430\">Plazemsko rezanje je hiter, natan\u010den in stro\u0161kovno u\u010dinkovit postopek za rezanje elektri\u010dno prevodnih materialov, kot so jeklo, nerjavno jeklo in aluminij. Zagotavlja visoke hitrosti rezanja, ozko re\u017eo in minimalne toplotne deformacije. Zaradi tega je idealno tako za delavnice kot za terensko uporabo.  <\/p>\t\t\t\t\t\t<\/div>\n\t\t\t\t<\/div>\n\t\t\t\t<div class=\"elementor-element elementor-element-79b4046 elementor-widget elementor-widget-text-editor\" data-id=\"79b4046\" data-element_type=\"widget\" data-widget_type=\"text-editor.default\">\n\t\t\t\t<div class=\"elementor-widget-container\">\n\t\t\t\t\t\t\t<p>V podjetju DAIHEN VARSTROJ ponujamo napredne sisteme plazemskega rezanja, zasnovane za ro\u010dno uporabo. Na\u0161i aparati zagotavljajo stabilen v\u017eig obloka, brezhibno delovanje in dolgo \u017eivljenjsko dobo potro\u0161nih delov. Z uporabniku prijaznim vmesnikom in robustno konstrukcijo so na\u0161i plazemski rezalniki popolna izbira za profesionalce, ki pri\u010dakujejo zanesljivost, zmogljivost in enostavno uporabo.  <\/p>\t\t\t\t\t\t<\/div>\n\t\t\t\t<\/div>\n\t\t\t\t<div class=\"elementor-element elementor-element-594565b elementor-widget elementor-widget-text-editor\" data-id=\"594565b\" data-element_type=\"widget\" data-widget_type=\"text-editor.default\">\n\t\t\t\t<div class=\"elementor-widget-container\">\n\t\t\t\t\t\t\t<p data-start=\"758\" data-end=\"886\">Ne glede na to, ali re\u017eete tanke plo\u010devine ali debele plo\u0161\u010de, na\u0161e plazemske re\u0161itve zagotavljajo \u010diste reze in konstantne rezultate.<\/p>\t\t\t\t\t\t<\/div>\n\t\t\t\t<\/div>\n\t\t\t\t\t<\/div>\n\t\t<\/div>\n\t\t\t\t\t\t\t<\/div>\n\t\t<\/section>\n\t\t\t\t<section class=\"elementor-section elementor-top-section elementor-element elementor-element-151c954 elementor-section-stretched elementor-section-boxed elementor-section-height-default elementor-section-height-default\" data-id=\"151c954\" data-element_type=\"section\" data-settings=\"{&quot;stretch_section&quot;:&quot;section-stretched&quot;}\">\n\t\t\t\t\t\t<div class=\"elementor-container elementor-column-gap-default\">\n\t\t\t\t\t<div class=\"elementor-column elementor-col-25 elementor-top-column elementor-element elementor-element-c15167c\" data-id=\"c15167c\" data-element_type=\"column\" data-settings=\"{&quot;background_background&quot;:&quot;classic&quot;}\">\n\t\t\t<div class=\"elementor-widget-wrap elementor-element-populated\">\n\t\t\t\t\t\t\t\t<div class=\"elementor-element elementor-element-7bf679a elementor-widget elementor-widget-image\" data-id=\"7bf679a\" data-element_type=\"widget\" data-widget_type=\"image.default\">\n\t\t\t\t<div class=\"elementor-widget-container\">\n\t\t\t\t\t\t\t\t\t\t\t\t\t\t\t<img loading=\"lazy\" decoding=\"async\" width=\"724\" height=\"1024\" src=\"https:\/\/daihen-varstroj.si\/wp-content\/uploads\/2024\/12\/WB-F350-724x1024.png\" class=\"attachment-large size-large wp-image-19068\" alt=\"\" srcset=\"https:\/\/daihen-varstroj.si\/wp-content\/uploads\/2024\/12\/WB-F350-724x1024.png 724w, https:\/\/daihen-varstroj.si\/wp-content\/uploads\/2024\/12\/WB-F350-212x300.png 212w, https:\/\/daihen-varstroj.si\/wp-content\/uploads\/2024\/12\/WB-F350-768x1086.png 768w, https:\/\/daihen-varstroj.si\/wp-content\/uploads\/2024\/12\/WB-F350-1086x1536.png 1086w, https:\/\/daihen-varstroj.si\/wp-content\/uploads\/2024\/12\/WB-F350.png 1414w\" sizes=\"auto, (max-width: 724px) 100vw, 724px\" \/>\t\t\t\t\t\t\t\t\t\t\t\t\t\t\t<\/div>\n\t\t\t\t<\/div>\n\t\t\t\t<div class=\"elementor-element elementor-element-27ceaf3 elementor-widget elementor-widget-spacer\" data-id=\"27ceaf3\" data-element_type=\"widget\" data-widget_type=\"spacer.default\">\n\t\t\t\t<div class=\"elementor-widget-container\">\n\t\t\t\t\t<div class=\"elementor-spacer\">\n\t\t\t<div class=\"elementor-spacer-inner\"><\/div>\n\t\t<\/div>\n\t\t\t\t<\/div>\n\t\t\t\t<\/div>\n\t\t\t\t<div class=\"elementor-element elementor-element-06c582b elementor-widget elementor-widget-heading\" data-id=\"06c582b\" data-element_type=\"widget\" data-widget_type=\"heading.default\">\n\t\t\t\t<div class=\"elementor-widget-container\">\n\t\t\t<h2 class=\"elementor-heading-title elementor-size-default\">WB-F300P<\/h2>\t\t<\/div>\n\t\t\t\t<\/div>\n\t\t\t\t<div class=\"elementor-element elementor-element-fa7fd9b elementor-widget elementor-widget-text-editor\" data-id=\"fa7fd9b\" data-element_type=\"widget\" data-widget_type=\"text-editor.default\">\n\t\t\t\t<div class=\"elementor-widget-container\">\n\t\t\t\t\t\t\t<p>Obmo\u010dje varilnega toka 0.5-300 A <\/p><p>Intermitenca 100% <\/p>\t\t\t\t\t\t<\/div>\n\t\t\t\t<\/div>\n\t\t\t\t<div class=\"elementor-element elementor-element-8559d8f elementor-align-justify elementor-widget elementor-widget-button\" data-id=\"8559d8f\" data-element_type=\"widget\" data-widget_type=\"button.default\">\n\t\t\t\t<div class=\"elementor-widget-container\">\n\t\t\t\t\t<div class=\"elementor-button-wrapper\">\n\t\t\t<a class=\"elementor-button elementor-button-link elementor-size-sm\" href=\"https:\/\/daihen-varstroj.si\/wp-content\/uploads\/2024\/07\/PLASMA-WB-F300P-ENG.pdf\" target=\"_blank\">\n\t\t\t\t\t\t<span class=\"elementor-button-content-wrapper\">\n\t\t\t\t\t\t<span class=\"elementor-button-text\">Poglej ve\u010d<\/span>\n\t\t<\/span>\n\t\t\t\t\t<\/a>\n\t\t<\/div>\n\t\t\t\t<\/div>\n\t\t\t\t<\/div>\n\t\t\t\t\t<\/div>\n\t\t<\/div>\n\t\t\t\t<div class=\"elementor-column elementor-col-25 elementor-top-column elementor-element elementor-element-f028187\" data-id=\"f028187\" data-element_type=\"column\" data-settings=\"{&quot;background_background&quot;:&quot;classic&quot;}\">\n\t\t\t<div class=\"elementor-widget-wrap elementor-element-populated\">\n\t\t\t\t\t\t\t\t<div class=\"elementor-element elementor-element-0f150b8 elementor-widget elementor-widget-image\" data-id=\"0f150b8\" data-element_type=\"widget\" data-widget_type=\"image.default\">\n\t\t\t\t<div class=\"elementor-widget-container\">\n\t\t\t\t\t\t\t\t\t\t\t\t\t\t\t<img loading=\"lazy\" decoding=\"async\" width=\"1005\" height=\"1024\" src=\"https:\/\/daihen-varstroj.si\/wp-content\/uploads\/2024\/12\/Plasma-D-4005CUT-40SK-LED-1005x1024.png\" class=\"attachment-large size-large wp-image-19069\" alt=\"\" srcset=\"https:\/\/daihen-varstroj.si\/wp-content\/uploads\/2024\/12\/Plasma-D-4005CUT-40SK-LED-1005x1024.png 1005w, https:\/\/daihen-varstroj.si\/wp-content\/uploads\/2024\/12\/Plasma-D-4005CUT-40SK-LED-294x300.png 294w, https:\/\/daihen-varstroj.si\/wp-content\/uploads\/2024\/12\/Plasma-D-4005CUT-40SK-LED-768x782.png 768w, https:\/\/daihen-varstroj.si\/wp-content\/uploads\/2024\/12\/Plasma-D-4005CUT-40SK-LED-1508x1536.png 1508w, https:\/\/daihen-varstroj.si\/wp-content\/uploads\/2024\/12\/Plasma-D-4005CUT-40SK-LED-2010x2048.png 2010w\" sizes=\"auto, (max-width: 1005px) 100vw, 1005px\" \/>\t\t\t\t\t\t\t\t\t\t\t\t\t\t\t<\/div>\n\t\t\t\t<\/div>\n\t\t\t\t<div class=\"elementor-element elementor-element-859ebef elementor-widget elementor-widget-spacer\" data-id=\"859ebef\" data-element_type=\"widget\" data-widget_type=\"spacer.default\">\n\t\t\t\t<div class=\"elementor-widget-container\">\n\t\t\t\t\t<div class=\"elementor-spacer\">\n\t\t\t<div class=\"elementor-spacer-inner\"><\/div>\n\t\t<\/div>\n\t\t\t\t<\/div>\n\t\t\t\t<\/div>\n\t\t\t\t<div class=\"elementor-element elementor-element-aac7724 elementor-widget elementor-widget-heading\" data-id=\"aac7724\" data-element_type=\"widget\" data-widget_type=\"heading.default\">\n\t\t\t\t<div class=\"elementor-widget-container\">\n\t\t\t<h2 class=\"elementor-heading-title elementor-size-default\">PLASMA D-4005<\/h2>\t\t<\/div>\n\t\t\t\t<\/div>\n\t\t\t\t<div class=\"elementor-element elementor-element-8695295 elementor-widget elementor-widget-text-editor\" data-id=\"8695295\" data-element_type=\"widget\" data-widget_type=\"text-editor.default\">\n\t\t\t\t<div class=\"elementor-widget-container\">\n\t\t\t\t\t\t\t<p>Obmo\u010dje rezalnega toka 20-40 A<\/p><p>Max. debelina rezanja 1-20 mm <\/p>\t\t\t\t\t\t<\/div>\n\t\t\t\t<\/div>\n\t\t\t\t<div class=\"elementor-element elementor-element-5ad69ee elementor-align-justify elementor-widget elementor-widget-button\" data-id=\"5ad69ee\" data-element_type=\"widget\" data-widget_type=\"button.default\">\n\t\t\t\t<div class=\"elementor-widget-container\">\n\t\t\t\t\t<div class=\"elementor-button-wrapper\">\n\t\t\t<a class=\"elementor-button elementor-button-link elementor-size-sm\" href=\"https:\/\/daihen-varstroj.si\/wp-content\/uploads\/2025\/06\/PLASMA-D-4005_welding-machine.pdf\" target=\"_blank\">\n\t\t\t\t\t\t<span class=\"elementor-button-content-wrapper\">\n\t\t\t\t\t\t<span class=\"elementor-button-text\">Poglej ve\u010d<\/span>\n\t\t<\/span>\n\t\t\t\t\t<\/a>\n\t\t<\/div>\n\t\t\t\t<\/div>\n\t\t\t\t<\/div>\n\t\t\t\t\t<\/div>\n\t\t<\/div>\n\t\t\t\t<div class=\"elementor-column elementor-col-25 elementor-top-column elementor-element elementor-element-17dee85\" data-id=\"17dee85\" data-element_type=\"column\" data-settings=\"{&quot;background_background&quot;:&quot;classic&quot;}\">\n\t\t\t<div class=\"elementor-widget-wrap\">\n\t\t\t\t\t\t\t\t\t<\/div>\n\t\t<\/div>\n\t\t\t\t<div class=\"elementor-column elementor-col-25 elementor-top-column elementor-element elementor-element-7bd648b\" data-id=\"7bd648b\" data-element_type=\"column\" data-settings=\"{&quot;background_background&quot;:&quot;classic&quot;}\">\n\t\t\t<div class=\"elementor-widget-wrap\">\n\t\t\t\t\t\t\t\t\t<\/div>\n\t\t<\/div>\n\t\t\t\t\t\t\t<\/div>\n\t\t<\/section>\n\t\t\t\t<section class=\"elementor-section elementor-top-section elementor-element elementor-element-cdcbd59 elementor-section-full_width elementor-section-stretched elementor-section-height-default elementor-section-height-default\" data-id=\"cdcbd59\" data-element_type=\"section\" data-settings=\"{&quot;stretch_section&quot;:&quot;section-stretched&quot;,&quot;background_background&quot;:&quot;classic&quot;}\">\n\t\t\t\t\t\t<div class=\"elementor-container elementor-column-gap-default\">\n\t\t\t\t\t<div class=\"elementor-column elementor-col-100 elementor-top-column elementor-element elementor-element-dec87aa\" data-id=\"dec87aa\" data-element_type=\"column\">\n\t\t\t<div class=\"elementor-widget-wrap elementor-element-populated\">\n\t\t\t\t\t\t\t\t<div class=\"elementor-element elementor-element-ee62b5f elementor-widget elementor-widget-heading\" data-id=\"ee62b5f\" data-element_type=\"widget\" data-widget_type=\"heading.default\">\n\t\t\t\t<div class=\"elementor-widget-container\">\n\t\t\t<h5 class=\"elementor-heading-title elementor-size-default\">Odklenite svojo pot do uspeha v svetu varjenja.<\/h5>\t\t<\/div>\n\t\t\t\t<\/div>\n\t\t\t\t<div class=\"elementor-element elementor-element-283b5a3 elementor-align-center elementor-widget elementor-widget-the7_button_widget\" data-id=\"283b5a3\" data-element_type=\"widget\" data-widget_type=\"the7_button_widget.default\">\n\t\t\t\t<div class=\"elementor-widget-container\">\n\t\t\t<div class=\"elementor-button-wrapper\"><a href=\"https:\/\/daihen-varstroj.si\/sl\/gradiva\/\" class=\"box-button elementor-button elementor-size-xl\">Gradiva<\/a><\/div>\t\t<\/div>\n\t\t\t\t<\/div>\n\t\t\t\t\t<\/div>\n\t\t<\/div>\n\t\t\t\t\t\t\t<\/div>\n\t\t<\/section>\n\t\t\t\t<section class=\"elementor-section elementor-top-section elementor-element elementor-element-e127558 elementor-section-boxed elementor-section-height-default elementor-section-height-default\" data-id=\"e127558\" data-element_type=\"section\">\n\t\t\t\t\t\t<div class=\"elementor-container elementor-column-gap-default\">\n\t\t\t\t\t<div class=\"elementor-column elementor-col-100 elementor-top-column elementor-element elementor-element-e81b55d\" data-id=\"e81b55d\" data-element_type=\"column\">\n\t\t\t<div class=\"elementor-widget-wrap elementor-element-populated\">\n\t\t\t\t\t\t\t\t<div class=\"elementor-element elementor-element-8e2cae8 elementor-widget elementor-widget-spacer\" data-id=\"8e2cae8\" data-element_type=\"widget\" data-widget_type=\"spacer.default\">\n\t\t\t\t<div class=\"elementor-widget-container\">\n\t\t\t\t\t<div class=\"elementor-spacer\">\n\t\t\t<div class=\"elementor-spacer-inner\"><\/div>\n\t\t<\/div>\n\t\t\t\t<\/div>\n\t\t\t\t<\/div>\n\t\t\t\t\t<\/div>\n\t\t<\/div>\n\t\t\t\t\t\t\t<\/div>\n\t\t<\/section>\n\t\t\t\t\t\t\t<\/div>\n\t\t","protected":false},"excerpt":{"rendered":"<p>You are here: Home RE\u0160ITVE ZA PLAZEMSKO REZANJE Plazemsko rezanje je hiter, natan\u010den in stro\u0161kovno u\u010dinkovit postopek za rezanje elektri\u010dno prevodnih materialov, kot so jeklo, nerjavno jeklo in aluminij. Zagotavlja visoke hitrosti rezanja, ozko re\u017eo in minimalne toplotne deformacije. Zaradi tega je idealno tako za delavnice kot za terensko uporabo. V podjetju DAIHEN VARSTROJ ponujamo&hellip;<\/p>\n","protected":false},"author":2,"featured_media":0,"parent":19216,"menu_order":0,"comment_status":"closed","ping_status":"closed","template":"","meta":{"footnotes":""},"class_list":["post-19495","page","type-page","status-publish","hentry"],"_links":{"self":[{"href":"https:\/\/daihen-varstroj.si\/sl\/wp-json\/wp\/v2\/pages\/19495","targetHints":{"allow":["GET"]}}],"collection":[{"href":"https:\/\/daihen-varstroj.si\/sl\/wp-json\/wp\/v2\/pages"}],"about":[{"href":"https:\/\/daihen-varstroj.si\/sl\/wp-json\/wp\/v2\/types\/page"}],"author":[{"embeddable":true,"href":"https:\/\/daihen-varstroj.si\/sl\/wp-json\/wp\/v2\/users\/2"}],"replies":[{"embeddable":true,"href":"https:\/\/daihen-varstroj.si\/sl\/wp-json\/wp\/v2\/comments?post=19495"}],"version-history":[{"count":1,"href":"https:\/\/daihen-varstroj.si\/sl\/wp-json\/wp\/v2\/pages\/19495\/revisions"}],"predecessor-version":[{"id":19496,"href":"https:\/\/daihen-varstroj.si\/sl\/wp-json\/wp\/v2\/pages\/19495\/revisions\/19496"}],"up":[{"embeddable":true,"href":"https:\/\/daihen-varstroj.si\/sl\/wp-json\/wp\/v2\/pages\/19216"}],"wp:attachment":[{"href":"https:\/\/daihen-varstroj.si\/sl\/wp-json\/wp\/v2\/media?parent=19495"}],"curies":[{"name":"wp","href":"https:\/\/api.w.org\/{rel}","templated":true}]}}